{"id":15255,"date":"2022-03-11T02:42:34","date_gmt":"2022-03-11T02:42:34","guid":{"rendered":"https:\/\/morz.vamtam.com\/?page_id=15255"},"modified":"2024-06-11T16:33:20","modified_gmt":"2024-06-11T16:33:20","slug":"materiales-compuestos","status":"publish","type":"page","link":"https:\/\/grupoimsa.com.co\/en\/materiales-compuestos\/","title":{"rendered":"Composite Materials"},"content":{"rendered":"<div class=\"vgblk-rw-wrapper limit-wrapper\">\n\n\t<p>La compa\u00f1\u00eda Novapol hace parte de nuestra unidad de negocio de producci\u00f3n y comercializaci\u00f3n de productos qu\u00edmicos en el mercado Brasilero. El portafolio de productos est\u00e1 principalmente asociado a la industria manufacturera de materiales compuestos orientada a segmentos de mercado como construcci\u00f3n civil, infraestructura, energ\u00eda e\u00f3lica, transporte y recreaci\u00f3n.<\/p>\n<h2>\n\tOur Business <b> lines are:<\/b>\n\t<\/h2>\n<h4>\n\tUnsaturated polyester resins\n\t<\/h4>\n\t<p>Resin used in different industries as a polymeric matrix in the production of goods in segments as diverse as civil construction, transportation, automotive, infrastructure, wind power, among others.<\/p>\n<h4>\n\tGelcoats \n\t<\/h4>\n\t<p>Protective and\/or decorative coatings for parts made of composite materials.<\/p>\n<h4>\n\tComplements \n\t<\/h4>\n\t<p>Marketing and distribution of raw materials required for the manufacture of parts in composite materials. Some of them are: Fiberglass, catalysts, release agents, solvents, etc.<\/p>\n<h4>\n\tDistribution\n\t<\/h4>\n\tOf other chemical inputs such as acidulants and preservatives, oriented to the food industry.\n\t<p>We are leaders thanks to our reliability expressed in products with high quality standards, our technical service focused on the development of high-value solutions for the market, and our production and logistics capacity that allow us to supply the market with agility and efficiency. We have extensive coverage in the Brazilian market for composite materials.<\/p>\n\t<a href=\"http:\/\/www.novapol.com.br\/\" target=\"_blank\" role=\"button\" rel=\"noopener\">\n\t\t\t\t\tCompany website \n\t<\/a>\n\n<\/div><!-- .vgblk-rw-wrapper -->","protected":false},"excerpt":{"rendered":"<p>La compa\u00f1\u00eda Novapol hace parte de nuestra unidad de negocio de producci\u00f3n y comercializaci\u00f3n de productos qu\u00edmicos en el mercado Brasilero. El portafolio de productos est\u00e1 principalmente asociado a la industria manufacturera de materiales compuestos orientada a segmentos de mercado como construcci\u00f3n civil, infraestructura, energ\u00eda e\u00f3lica, transporte y recreaci\u00f3n. Nuestras l\u00edneas de negocio son: Resinas&#8230;<\/p>","protected":false},"author":154,"featured_media":0,"parent":0,"menu_order":0,"comment_status":"closed","ping_status":"closed","template":"","meta":{"footnotes":""},"class_list":["post-15255","page","type-page","status-publish","hentry"],"_links":{"self":[{"href":"https:\/\/grupoimsa.com.co\/en\/wp-json\/wp\/v2\/pages\/15255","targetHints":{"allow":["GET"]}}],"collection":[{"href":"https:\/\/grupoimsa.com.co\/en\/wp-json\/wp\/v2\/pages"}],"about":[{"href":"https:\/\/grupoimsa.com.co\/en\/wp-json\/wp\/v2\/types\/page"}],"author":[{"embeddable":true,"href":"https:\/\/grupoimsa.com.co\/en\/wp-json\/wp\/v2\/users\/154"}],"replies":[{"embeddable":true,"href":"https:\/\/grupoimsa.com.co\/en\/wp-json\/wp\/v2\/comments?post=15255"}],"version-history":[{"count":32,"href":"https:\/\/grupoimsa.com.co\/en\/wp-json\/wp\/v2\/pages\/15255\/revisions"}],"predecessor-version":[{"id":989385,"href":"https:\/\/grupoimsa.com.co\/en\/wp-json\/wp\/v2\/pages\/15255\/revisions\/989385"}],"wp:attachment":[{"href":"https:\/\/grupoimsa.com.co\/en\/wp-json\/wp\/v2\/media?parent=15255"}],"curies":[{"name":"wp","href":"https:\/\/api.w.org\/{rel}","templated":true}]}}