{"id":15258,"date":"2022-03-11T02:44:01","date_gmt":"2022-03-11T02:44:01","guid":{"rendered":"https:\/\/morz.vamtam.com\/?page_id=15258"},"modified":"2023-08-28T19:43:46","modified_gmt":"2023-08-28T19:43:46","slug":"consumo-masivo","status":"publish","type":"page","link":"https:\/\/grupoimsa.com.co\/en\/consumo-masivo\/","title":{"rendered":"Massive Consume"},"content":{"rendered":"<div class=\"vgblk-rw-wrapper limit-wrapper\">\n\n\t<p>MCM Company is a company focused on the manufacture of personal care, home, vehicle and industrial products. The company is based in Colombia from where it supplies the local market and is preparing to expand internationally through the export channel.<\/p>\n<h2>\n\tMCM Company <b>has three lines of business:<\/b>\n\t<\/h2>\n<h4>\n\t\t\t<a href=\"\/en\/chemicals\/\" title=\"Cleaning and disinfection \" target=\"_self\" rel=\"noopener\">\n\tCleaning and disinfection \n\t\t\t<\/a>\n\t<\/h4>\n\t<p>With products such as air fresheners, disinfectants, insecticides, liquid cleaners and spray cleaners<u>,<\/u> with its brands Brizz\u00e9 \u00ae, Extermin \u00ae, Astral \u00ae and Monami \u00ae<\/p>\n<h4>\n\t\t\t<a href=\"\/en\/automotive\/\" title=\"Vehicles and industry \" target=\"_self\" rel=\"noopener\">\n\tVehicles and industry \n\t\t\t<\/a>\n\t<\/h4>\n\t<p>With degreasers, lubricants, cleaners, waxes, shampoo, silicones and additives for the care and performance of motorcycles, cars, bicycles and industrial machinery. Within this line there is the development of the Dr. Power \u00ae brand and the representation for Colombia of CRC \u00ae.<\/p>\n<h4>\n\t\t\t<a href=\"\/en\/groupage\/\" title=\"Personal care \" target=\"_self\" rel=\"noopener\">\n\tPersonal care \n\t\t\t<\/a>\n\t<\/h4>\n\tWith antibacterial gels, foot and underarm deodorants, shaving creams, suntan lotions and mosquito repellents under the K\u00f6rper Mode \u00ae and Muv KEEP \u00ae brands.\n\t<p>We differentiate ourselves from our competitors thanks to the speed in the development of innovative products, under the latest market trends, as well as a wide national distribution capacity, with a strategic geographical location to cover the national and international market. We have extensive experience in the aerosol industry, a broad portfolio and high manufacturing and formulation standards with safety and quality certifications by INVINIMA and ICONTEC.<\/p>\n\t<a href=\"https:\/\/mcmonlinestore.com\/\" target=\"_blank\" role=\"button\" rel=\"noopener\">\n\t\t\t\t\tCompany website \n\t<\/a>\n\n<\/div><!-- .vgblk-rw-wrapper -->","protected":false},"excerpt":{"rendered":"<p>MCM Company es una compa\u00f1\u00eda enfocada en la fabricaci\u00f3n de productos de cuidado personal, del hogar, el veh\u00edculo y la industria. La compa\u00f1\u00eda tiene sede en Colombia desde donde provee al mercado local y se prepara para expandirse internacionalmente por medio del canal de exportaciones. MCM Company cuenta con tres l\u00edneas de negocio: Aseo y&#8230;<\/p>","protected":false},"author":154,"featured_media":0,"parent":0,"menu_order":0,"comment_status":"closed","ping_status":"closed","template":"","meta":{"footnotes":""},"class_list":["post-15258","page","type-page","status-publish","hentry"],"_links":{"self":[{"href":"https:\/\/grupoimsa.com.co\/en\/wp-json\/wp\/v2\/pages\/15258","targetHints":{"allow":["GET"]}}],"collection":[{"href":"https:\/\/grupoimsa.com.co\/en\/wp-json\/wp\/v2\/pages"}],"about":[{"href":"https:\/\/grupoimsa.com.co\/en\/wp-json\/wp\/v2\/types\/page"}],"author":[{"embeddable":true,"href":"https:\/\/grupoimsa.com.co\/en\/wp-json\/wp\/v2\/users\/154"}],"replies":[{"embeddable":true,"href":"https:\/\/grupoimsa.com.co\/en\/wp-json\/wp\/v2\/comments?post=15258"}],"version-history":[{"count":13,"href":"https:\/\/grupoimsa.com.co\/en\/wp-json\/wp\/v2\/pages\/15258\/revisions"}],"predecessor-version":[{"id":989104,"href":"https:\/\/grupoimsa.com.co\/en\/wp-json\/wp\/v2\/pages\/15258\/revisions\/989104"}],"wp:attachment":[{"href":"https:\/\/grupoimsa.com.co\/en\/wp-json\/wp\/v2\/media?parent=15258"}],"curies":[{"name":"wp","href":"https:\/\/api.w.org\/{rel}","templated":true}]}}