{"id":15261,"date":"2022-03-11T02:44:55","date_gmt":"2022-03-11T02:44:55","guid":{"rendered":"https:\/\/morz.vamtam.com\/?page_id=15261"},"modified":"2023-10-11T15:28:20","modified_gmt":"2023-10-11T15:28:20","slug":"tuberias-y-postes","status":"publish","type":"page","link":"https:\/\/grupoimsa.com.co\/en\/tuberias-y-postes\/","title":{"rendered":"Pipes and Poles"},"content":{"rendered":"<div class=\"vgblk-rw-wrapper limit-wrapper\">\n\n\t<p>Grupo IMSA es el controlante de O-tek Argentina, con una planta de producci\u00f3n ubicada estrat\u00e9gicamente para alcanzar cobertura competitiva en el cono Sur americano. La compa\u00f1\u00eda se especializa en la fabricaci\u00f3n de sistemas de tuber\u00edas y postes en poli\u00e9ster reforzado con fibra de vidrio (GRP\/PRFV), ofreciendo alta ingenier\u00eda y asesor\u00eda en proyectos de conducciones de agua y energ\u00eda para acueductos, alcantarillados, plantas de tratamiento, distritos de riego, miner\u00eda, peque\u00f1as centrales hidroel\u00e9ctricas, sistemas industriales, entre otros. Adem\u00e1s, cuenta con la l\u00ednea de negocio de postes en este mismo material, para iluminaci\u00f3n, telecomunicaciones,\u00a0 alumbrado p\u00fablico y distribuci\u00f3n de energ\u00eda.<\/p>\n\tO-tek has more than 25 years of experience and technologies for innovative and sustainable development, being regional leaders in supplying high-performance systems for infrastructure projects.\n<h2>\n\tGRP\/PRFV pipe for<b> different applications:<\/b>\n\t<\/h2>\n\t<ul type=\"disc\">\n<li>Aqueducts.<\/li>\n<li>Sewers\/sewers.<\/li>\n<li>Water treatment plants.<\/li>\n<li>Irrigation districts.<\/li>\n<li>Mining.<\/li>\n<li>Small Hydroelectric Power Plants.<\/li>\n<li>Industrial systems.<\/li>\n<li>Accessories in GRP\/PRFV.<\/li>\n<li>Among others.<\/li>\n<\/ul>\n<h2>\n\tPoles (GRP\/PRFV) for road lighting,<b> power distribution, telecommunications and opalescent poles.<\/b>\n\t<\/h2>\n<h2>\n\tSpecialized <b>piping<\/b>\n\t<\/h2>\n\tHigh-tech fiberglass reinforced polyester (GRP\/PRFV) pipes for different applications.\n\t\t\t\t\t\t\t<img decoding=\"async\" loading=\"lazy\" src=\"https:\/\/grupoimsa.com.co\/wp-content\/uploads\/2022\/03\/IMSA-sitio_web-tuberias-05-420x420.jpg\" alt=\"IMSA-sitio_web-tuberias-05\" itemprop=\"image\" height=\"420\" width=\"420\" title=\"IMSA-sitio_web-tuberias-05\" onerror=\"this.style.display='none'\"  sizes=\"auto, (max-width: 768px) 100vw, 100vw\" srcset=\"data:image\/svg+xml;utf8,&lt;svg%20xmlns=&quot;http:\/\/www.w3.org\/2000\/svg&quot;%20viewBox=&quot;0%200%20500%20500&quot;%20height=&quot;500px&quot;%20width=&quot;500px&quot;\/&gt;\" data-srcset=\"https:\/\/grupoimsa.com.co\/wp-content\/uploads\/2022\/03\/IMSA-sitio_web-tuberias-05-420x420.jpg 420w, https:\/\/grupoimsa.com.co\/wp-content\/uploads\/2022\/03\/IMSA-sitio_web-tuberias-05-300x300.jpg 300w, https:\/\/grupoimsa.com.co\/wp-content\/uploads\/2022\/03\/IMSA-sitio_web-tuberias-05-150x150.jpg 150w, https:\/\/grupoimsa.com.co\/wp-content\/uploads\/2022\/03\/IMSA-sitio_web-tuberias-05-12x12.jpg 12w, https:\/\/grupoimsa.com.co\/wp-content\/uploads\/2022\/03\/IMSA-sitio_web-tuberias-05-315x315.jpg 315w, https:\/\/grupoimsa.com.co\/wp-content\/uploads\/2022\/03\/IMSA-sitio_web-tuberias-05-100x100.jpg 100w, https:\/\/grupoimsa.com.co\/wp-content\/uploads\/2022\/03\/IMSA-sitio_web-tuberias-05.jpg 500w\" \/>\t\t\t\t\t\t\t\n<h2>\n\tTuber\u00eda para alcantarillado\/cloaca\n\t<\/h2>\n\t<a href=\"https:\/\/o-tek.com\/alcantarillado\/\" target=\"_self\" role=\"button\" rel=\"noopener\">\n\t\t\t\t\tSee more\n\t<\/a>\n<h2>\n\tPipes for pressure applications\n\t<\/h2>\n\t<a href=\"https:\/\/o-tek.com\/tuberia-para-aplicaciones-a-presion\/\" target=\"_self\" role=\"button\" rel=\"noopener\">\n\t\t\t\t\tSee more\n\t<\/a>\n\t\t\t\t\t\t\t<img decoding=\"async\" loading=\"lazy\" src=\"https:\/\/grupoimsa.com.co\/wp-content\/uploads\/2022\/03\/IMSA-sitio_web-tuberias-03-420x420.jpg\" alt=\"IMSA-sitio_web-tuberias-03\" itemprop=\"image\" height=\"420\" width=\"420\" title=\"IMSA-sitio_web-tuberias-03\" onerror=\"this.style.display='none'\"  sizes=\"auto, (max-width: 768px) 100vw, 100vw\" srcset=\"data:image\/svg+xml;utf8,&lt;svg%20xmlns=&quot;http:\/\/www.w3.org\/2000\/svg&quot;%20viewBox=&quot;0%200%20500%20500&quot;%20height=&quot;500px&quot;%20width=&quot;500px&quot;\/&gt;\" data-srcset=\"https:\/\/grupoimsa.com.co\/wp-content\/uploads\/2022\/03\/IMSA-sitio_web-tuberias-03-420x420.jpg 420w, https:\/\/grupoimsa.com.co\/wp-content\/uploads\/2022\/03\/IMSA-sitio_web-tuberias-03-300x300.jpg 300w, https:\/\/grupoimsa.com.co\/wp-content\/uploads\/2022\/03\/IMSA-sitio_web-tuberias-03-150x150.jpg 150w, https:\/\/grupoimsa.com.co\/wp-content\/uploads\/2022\/03\/IMSA-sitio_web-tuberias-03-12x12.jpg 12w, https:\/\/grupoimsa.com.co\/wp-content\/uploads\/2022\/03\/IMSA-sitio_web-tuberias-03-315x315.jpg 315w, https:\/\/grupoimsa.com.co\/wp-content\/uploads\/2022\/03\/IMSA-sitio_web-tuberias-03-100x100.jpg 100w, https:\/\/grupoimsa.com.co\/wp-content\/uploads\/2022\/03\/IMSA-sitio_web-tuberias-03.jpg 500w\" \/>\t\t\t\t\t\t\t\n\t\t\t\t\t\t\t<img decoding=\"async\" loading=\"lazy\" src=\"https:\/\/grupoimsa.com.co\/wp-content\/uploads\/2023\/04\/MicrosoftTeams-image-1-scaled.jpg\" alt=\"OLYMPUS DIGITAL CAMERA\" itemprop=\"image\" height=\"1920\" width=\"2560\" title=\"OLYMPUS DIGITAL CAMERA\" onerror=\"this.style.display='none'\"  sizes=\"auto, (max-width: 768px) 100vw, 100vw\" srcset=\"data:image\/svg+xml;utf8,&lt;svg%20xmlns=&quot;http:\/\/www.w3.org\/2000\/svg&quot;%20viewBox=&quot;0%200%202560%201920&quot;%20height=&quot;1920px&quot;%20width=&quot;2560px&quot;\/&gt;\" data-srcset=\"https:\/\/grupoimsa.com.co\/wp-content\/uploads\/2023\/04\/MicrosoftTeams-image-1-scaled.jpg 2560w, https:\/\/grupoimsa.com.co\/wp-content\/uploads\/2023\/04\/MicrosoftTeams-image-1-300x225.jpg 300w, https:\/\/grupoimsa.com.co\/wp-content\/uploads\/2023\/04\/MicrosoftTeams-image-1-1024x768.jpg 1024w, https:\/\/grupoimsa.com.co\/wp-content\/uploads\/2023\/04\/MicrosoftTeams-image-1-768x576.jpg 768w, https:\/\/grupoimsa.com.co\/wp-content\/uploads\/2023\/04\/MicrosoftTeams-image-1-1536x1152.jpg 1536w, https:\/\/grupoimsa.com.co\/wp-content\/uploads\/2023\/04\/MicrosoftTeams-image-1-2048x1536.jpg 2048w, https:\/\/grupoimsa.com.co\/wp-content\/uploads\/2023\/04\/MicrosoftTeams-image-1-16x12.jpg 16w, https:\/\/grupoimsa.com.co\/wp-content\/uploads\/2023\/04\/MicrosoftTeams-image-1-1260x945.jpg 1260w, https:\/\/grupoimsa.com.co\/wp-content\/uploads\/2023\/04\/MicrosoftTeams-image-1-630x473.jpg 630w, https:\/\/grupoimsa.com.co\/wp-content\/uploads\/2023\/04\/MicrosoftTeams-image-1-420x315.jpg 420w, https:\/\/grupoimsa.com.co\/wp-content\/uploads\/2023\/04\/MicrosoftTeams-image-1-840x630.jpg 840w, https:\/\/grupoimsa.com.co\/wp-content\/uploads\/2023\/04\/MicrosoftTeams-image-1-315x236.jpg 315w\" \/>\t\t\t\t\t\t\t\n<h2>\n\tBiaxial tubing\n\t<\/h2>\n\t<a href=\"https:\/\/o-tek.com\/tuberia-biaxial\/\" target=\"_self\" role=\"button\" rel=\"noopener\">\n\t\t\t\t\tSee more\n\t<\/a>\n<h2>\n\tOrange pipe\n\t<\/h2>\n\t<a href=\"https:\/\/o-tek.com\/tuberia-orange\/\" target=\"_self\" role=\"button\" rel=\"noopener\">\n\t\t\t\t\tSee more\n\t<\/a>\n\t\t\t\t\t\t\t<img decoding=\"async\" loading=\"lazy\" src=\"https:\/\/grupoimsa.com.co\/wp-content\/uploads\/2022\/03\/IMSA-sitio_web-tuberias-01-420x420.jpg\" alt=\"IMSA-sitio_web-tuberias-01\" itemprop=\"image\" height=\"420\" width=\"420\" title=\"IMSA-sitio_web-tuberias-01\" onerror=\"this.style.display='none'\"  sizes=\"auto, (max-width: 768px) 100vw, 100vw\" srcset=\"data:image\/svg+xml;utf8,&lt;svg%20xmlns=&quot;http:\/\/www.w3.org\/2000\/svg&quot;%20viewBox=&quot;0%200%20500%20500&quot;%20height=&quot;500px&quot;%20width=&quot;500px&quot;\/&gt;\" data-srcset=\"https:\/\/grupoimsa.com.co\/wp-content\/uploads\/2022\/03\/IMSA-sitio_web-tuberias-01-420x420.jpg 420w, https:\/\/grupoimsa.com.co\/wp-content\/uploads\/2022\/03\/IMSA-sitio_web-tuberias-01-300x300.jpg 300w, https:\/\/grupoimsa.com.co\/wp-content\/uploads\/2022\/03\/IMSA-sitio_web-tuberias-01-150x150.jpg 150w, https:\/\/grupoimsa.com.co\/wp-content\/uploads\/2022\/03\/IMSA-sitio_web-tuberias-01-12x12.jpg 12w, https:\/\/grupoimsa.com.co\/wp-content\/uploads\/2022\/03\/IMSA-sitio_web-tuberias-01-315x315.jpg 315w, https:\/\/grupoimsa.com.co\/wp-content\/uploads\/2022\/03\/IMSA-sitio_web-tuberias-01-100x100.jpg 100w, https:\/\/grupoimsa.com.co\/wp-content\/uploads\/2022\/03\/IMSA-sitio_web-tuberias-01.jpg 500w\" \/>\t\t\t\t\t\t\t\n\t\t\t\t\t\t\t<img decoding=\"async\" loading=\"lazy\" src=\"https:\/\/grupoimsa.com.co\/wp-content\/uploads\/2023\/04\/MicrosoftTeams-image-2-scaled.jpg\" alt=\"MicrosoftTeams-image (2)\" itemprop=\"image\" height=\"1440\" width=\"2560\" title=\"MicrosoftTeams-image (2)\" onerror=\"this.style.display='none'\"  sizes=\"auto, (max-width: 768px) 100vw, 100vw\" srcset=\"data:image\/svg+xml;utf8,&lt;svg%20xmlns=&quot;http:\/\/www.w3.org\/2000\/svg&quot;%20viewBox=&quot;0%200%202560%201440&quot;%20height=&quot;1440px&quot;%20width=&quot;2560px&quot;\/&gt;\" data-srcset=\"https:\/\/grupoimsa.com.co\/wp-content\/uploads\/2023\/04\/MicrosoftTeams-image-2-scaled.jpg 2560w, https:\/\/grupoimsa.com.co\/wp-content\/uploads\/2023\/04\/MicrosoftTeams-image-2-300x169.jpg 300w, https:\/\/grupoimsa.com.co\/wp-content\/uploads\/2023\/04\/MicrosoftTeams-image-2-1024x576.jpg 1024w, https:\/\/grupoimsa.com.co\/wp-content\/uploads\/2023\/04\/MicrosoftTeams-image-2-768x432.jpg 768w, https:\/\/grupoimsa.com.co\/wp-content\/uploads\/2023\/04\/MicrosoftTeams-image-2-1536x864.jpg 1536w, https:\/\/grupoimsa.com.co\/wp-content\/uploads\/2023\/04\/MicrosoftTeams-image-2-2048x1152.jpg 2048w, https:\/\/grupoimsa.com.co\/wp-content\/uploads\/2023\/04\/MicrosoftTeams-image-2-18x10.jpg 18w, https:\/\/grupoimsa.com.co\/wp-content\/uploads\/2023\/04\/MicrosoftTeams-image-2-1260x709.jpg 1260w, https:\/\/grupoimsa.com.co\/wp-content\/uploads\/2023\/04\/MicrosoftTeams-image-2-630x354.jpg 630w, https:\/\/grupoimsa.com.co\/wp-content\/uploads\/2023\/04\/MicrosoftTeams-image-2-420x236.jpg 420w, https:\/\/grupoimsa.com.co\/wp-content\/uploads\/2023\/04\/MicrosoftTeams-image-2-840x473.jpg 840w, https:\/\/grupoimsa.com.co\/wp-content\/uploads\/2023\/04\/MicrosoftTeams-image-2-315x177.jpg 315w\" \/>\t\t\t\t\t\t\t\n<h2>\n\tPipe for Pipe Jacking\n\t<\/h2>\n\t<a href=\"https:\/\/o-tek.com\/tuberia-para-pipe-jacking\/\" target=\"_self\" role=\"button\" rel=\"noopener\">\n\t\t\t\t\tSee more\n\t<\/a>\n<h2>\n\tPoles\n\t<\/h2>\n\tPosts made of fiberglass reinforced polyester (GRP\/PRFV), HIGH TECHNOLOGY FOR DIFFERENT APPLICATIONS.\n\t\t\t\t\t\t\t<img decoding=\"async\" loading=\"lazy\" src=\"https:\/\/grupoimsa.com.co\/wp-content\/uploads\/2022\/03\/IMSA-sitio_web-postes-02-420x420.jpg\" alt=\"IMSA-sitio_web-postes-02\" itemprop=\"image\" height=\"420\" width=\"420\" title=\"IMSA-sitio_web-postes-02\" onerror=\"this.style.display='none'\"  sizes=\"auto, (max-width: 768px) 100vw, 100vw\" srcset=\"data:image\/svg+xml;utf8,&lt;svg%20xmlns=&quot;http:\/\/www.w3.org\/2000\/svg&quot;%20viewBox=&quot;0%200%20500%20500&quot;%20height=&quot;500px&quot;%20width=&quot;500px&quot;\/&gt;\" data-srcset=\"https:\/\/grupoimsa.com.co\/wp-content\/uploads\/2022\/03\/IMSA-sitio_web-postes-02-420x420.jpg 420w, https:\/\/grupoimsa.com.co\/wp-content\/uploads\/2022\/03\/IMSA-sitio_web-postes-02-300x300.jpg 300w, https:\/\/grupoimsa.com.co\/wp-content\/uploads\/2022\/03\/IMSA-sitio_web-postes-02-150x150.jpg 150w, https:\/\/grupoimsa.com.co\/wp-content\/uploads\/2022\/03\/IMSA-sitio_web-postes-02-12x12.jpg 12w, https:\/\/grupoimsa.com.co\/wp-content\/uploads\/2022\/03\/IMSA-sitio_web-postes-02-315x315.jpg 315w, https:\/\/grupoimsa.com.co\/wp-content\/uploads\/2022\/03\/IMSA-sitio_web-postes-02-100x100.jpg 100w, https:\/\/grupoimsa.com.co\/wp-content\/uploads\/2022\/03\/IMSA-sitio_web-postes-02.jpg 500w\" \/>\t\t\t\t\t\t\t\n<h2>\n\tTelecommunications\n\t<\/h2>\n\t<a href=\"https:\/\/o-tek.com\/telecomunicaciones\/\" target=\"_self\" role=\"button\" rel=\"noopener\">\n\t\t\t\t\tSee more\n\t<\/a>\n<h2>\n\tEnergy Distribution\n\t<\/h2>\n\t<a href=\"https:\/\/o-tek.com\/distribucion-de-energia\/\" target=\"_self\" role=\"button\" rel=\"noopener\">\n\t\t\t\t\tSee more\n\t<\/a>\n\t\t\t\t\t\t\t<img decoding=\"async\" loading=\"lazy\" src=\"https:\/\/grupoimsa.com.co\/wp-content\/uploads\/2022\/03\/IMSA-sitio_web-postes-01-420x420.jpg\" alt=\"IMSA-sitio_web-postes-01\" itemprop=\"image\" height=\"420\" width=\"420\" title=\"IMSA-sitio_web-postes-01\" onerror=\"this.style.display='none'\"  sizes=\"auto, (max-width: 768px) 100vw, 100vw\" srcset=\"data:image\/svg+xml;utf8,&lt;svg%20xmlns=&quot;http:\/\/www.w3.org\/2000\/svg&quot;%20viewBox=&quot;0%200%20500%20500&quot;%20height=&quot;500px&quot;%20width=&quot;500px&quot;\/&gt;\" data-srcset=\"https:\/\/grupoimsa.com.co\/wp-content\/uploads\/2022\/03\/IMSA-sitio_web-postes-01-420x420.jpg 420w, https:\/\/grupoimsa.com.co\/wp-content\/uploads\/2022\/03\/IMSA-sitio_web-postes-01-300x300.jpg 300w, https:\/\/grupoimsa.com.co\/wp-content\/uploads\/2022\/03\/IMSA-sitio_web-postes-01-150x150.jpg 150w, https:\/\/grupoimsa.com.co\/wp-content\/uploads\/2022\/03\/IMSA-sitio_web-postes-01-12x12.jpg 12w, https:\/\/grupoimsa.com.co\/wp-content\/uploads\/2022\/03\/IMSA-sitio_web-postes-01-315x315.jpg 315w, https:\/\/grupoimsa.com.co\/wp-content\/uploads\/2022\/03\/IMSA-sitio_web-postes-01-100x100.jpg 100w, https:\/\/grupoimsa.com.co\/wp-content\/uploads\/2022\/03\/IMSA-sitio_web-postes-01.jpg 500w\" \/>\t\t\t\t\t\t\t\n\t\t\t\t\t\t\t<img decoding=\"async\" loading=\"lazy\" src=\"https:\/\/grupoimsa.com.co\/wp-content\/uploads\/2023\/04\/DJI_0019_1-_1_-scaled.jpg\" alt=\"DJI_0019_1-_1_\" itemprop=\"image\" height=\"1438\" width=\"2560\" title=\"DJI_0019_1-_1_\" onerror=\"this.style.display='none'\"  sizes=\"auto, (max-width: 768px) 100vw, 100vw\" srcset=\"data:image\/svg+xml;utf8,&lt;svg%20xmlns=&quot;http:\/\/www.w3.org\/2000\/svg&quot;%20viewBox=&quot;0%200%202560%201438&quot;%20height=&quot;1438px&quot;%20width=&quot;2560px&quot;\/&gt;\" data-srcset=\"https:\/\/grupoimsa.com.co\/wp-content\/uploads\/2023\/04\/DJI_0019_1-_1_-scaled.jpg 2560w, https:\/\/grupoimsa.com.co\/wp-content\/uploads\/2023\/04\/DJI_0019_1-_1_-300x168.jpg 300w, https:\/\/grupoimsa.com.co\/wp-content\/uploads\/2023\/04\/DJI_0019_1-_1_-1024x575.jpg 1024w, https:\/\/grupoimsa.com.co\/wp-content\/uploads\/2023\/04\/DJI_0019_1-_1_-768x431.jpg 768w, https:\/\/grupoimsa.com.co\/wp-content\/uploads\/2023\/04\/DJI_0019_1-_1_-1536x863.jpg 1536w, https:\/\/grupoimsa.com.co\/wp-content\/uploads\/2023\/04\/DJI_0019_1-_1_-2048x1150.jpg 2048w, https:\/\/grupoimsa.com.co\/wp-content\/uploads\/2023\/04\/DJI_0019_1-_1_-18x10.jpg 18w, https:\/\/grupoimsa.com.co\/wp-content\/uploads\/2023\/04\/DJI_0019_1-_1_-1260x708.jpg 1260w, https:\/\/grupoimsa.com.co\/wp-content\/uploads\/2023\/04\/DJI_0019_1-_1_-630x354.jpg 630w, https:\/\/grupoimsa.com.co\/wp-content\/uploads\/2023\/04\/DJI_0019_1-_1_-420x236.jpg 420w, https:\/\/grupoimsa.com.co\/wp-content\/uploads\/2023\/04\/DJI_0019_1-_1_-840x472.jpg 840w, https:\/\/grupoimsa.com.co\/wp-content\/uploads\/2023\/04\/DJI_0019_1-_1_-315x177.jpg 315w\" \/>\t\t\t\t\t\t\t\n<h2>\n\tOpalescent Posts\n\t<\/h2>\n\t<a href=\"https:\/\/o-tek.com\/postes-opalescentes\/\" target=\"_self\" role=\"button\" rel=\"noopener\">\n\t\t\t\t\tSee more\n\t<\/a>\n<h2>\n\tIllumination\n\t<\/h2>\n\t<a href=\"https:\/\/o-tek.com\/iluminacion-vial\/\" target=\"_self\" role=\"button\" rel=\"noopener\">\n\t\t\t\t\tSee more\n\t<\/a>\n\t\t\t\t\t\t\t<img decoding=\"async\" loading=\"lazy\" src=\"https:\/\/grupoimsa.com.co\/wp-content\/uploads\/2022\/03\/IMSA-sitio_web-postes-03-420x420.jpg\" alt=\"IMSA-sitio_web-postes-03\" itemprop=\"image\" height=\"420\" width=\"420\" title=\"IMSA-sitio_web-postes-03\" onerror=\"this.style.display='none'\"  sizes=\"auto, (max-width: 768px) 100vw, 100vw\" srcset=\"data:image\/svg+xml;utf8,&lt;svg%20xmlns=&quot;http:\/\/www.w3.org\/2000\/svg&quot;%20viewBox=&quot;0%200%20500%20500&quot;%20height=&quot;500px&quot;%20width=&quot;500px&quot;\/&gt;\" data-srcset=\"https:\/\/grupoimsa.com.co\/wp-content\/uploads\/2022\/03\/IMSA-sitio_web-postes-03-420x420.jpg 420w, https:\/\/grupoimsa.com.co\/wp-content\/uploads\/2022\/03\/IMSA-sitio_web-postes-03-300x300.jpg 300w, https:\/\/grupoimsa.com.co\/wp-content\/uploads\/2022\/03\/IMSA-sitio_web-postes-03-150x150.jpg 150w, https:\/\/grupoimsa.com.co\/wp-content\/uploads\/2022\/03\/IMSA-sitio_web-postes-03-12x12.jpg 12w, https:\/\/grupoimsa.com.co\/wp-content\/uploads\/2022\/03\/IMSA-sitio_web-postes-03-315x315.jpg 315w, https:\/\/grupoimsa.com.co\/wp-content\/uploads\/2022\/03\/IMSA-sitio_web-postes-03-100x100.jpg 100w, https:\/\/grupoimsa.com.co\/wp-content\/uploads\/2022\/03\/IMSA-sitio_web-postes-03.jpg 500w\" \/>\t\t\t\t\t\t\t\n\n<\/div><!-- .vgblk-rw-wrapper -->","protected":false},"excerpt":{"rendered":"<p>Grupo IMSA es el controlante de O-tek Argentina, con una planta de producci\u00f3n ubicada estrat\u00e9gicamente para alcanzar cobertura competitiva en el cono Sur americano. La compa\u00f1\u00eda se especializa en la fabricaci\u00f3n de sistemas de tuber\u00edas y postes en poli\u00e9ster reforzado con fibra de vidrio (GRP\/PRFV), ofreciendo alta ingenier\u00eda y asesor\u00eda en proyectos de conducciones de&#8230;<\/p>","protected":false},"author":154,"featured_media":0,"parent":0,"menu_order":0,"comment_status":"closed","ping_status":"closed","template":"","meta":{"footnotes":""},"class_list":["post-15261","page","type-page","status-publish","hentry"],"_links":{"self":[{"href":"https:\/\/grupoimsa.com.co\/en\/wp-json\/wp\/v2\/pages\/15261","targetHints":{"allow":["GET"]}}],"collection":[{"href":"https:\/\/grupoimsa.com.co\/en\/wp-json\/wp\/v2\/pages"}],"about":[{"href":"https:\/\/grupoimsa.com.co\/en\/wp-json\/wp\/v2\/types\/page"}],"author":[{"embeddable":true,"href":"https:\/\/grupoimsa.com.co\/en\/wp-json\/wp\/v2\/users\/154"}],"replies":[{"embeddable":true,"href":"https:\/\/grupoimsa.com.co\/en\/wp-json\/wp\/v2\/comments?post=15261"}],"version-history":[{"count":31,"href":"https:\/\/grupoimsa.com.co\/en\/wp-json\/wp\/v2\/pages\/15261\/revisions"}],"predecessor-version":[{"id":989118,"href":"https:\/\/grupoimsa.com.co\/en\/wp-json\/wp\/v2\/pages\/15261\/revisions\/989118"}],"wp:attachment":[{"href":"https:\/\/grupoimsa.com.co\/en\/wp-json\/wp\/v2\/media?parent=15261"}],"curies":[{"name":"wp","href":"https:\/\/api.w.org\/{rel}","templated":true}]}}