{"id":15983,"date":"2022-03-21T20:35:32","date_gmt":"2022-03-21T20:35:32","guid":{"rendered":"https:\/\/morz.vamtam.com\/?page_id=15983"},"modified":"2025-06-10T15:34:33","modified_gmt":"2025-06-10T15:34:33","slug":"inicio","status":"publish","type":"page","link":"https:\/\/grupoimsa.com.co\/en\/","title":{"rendered":"Home"},"content":{"rendered":"<div class=\"vgblk-rw-wrapper limit-wrapper\">\r\n<h1>Our History:<\/h1>\r\n<h4>Grupo IMSA S.A. was born in November 2021 after the spin-off of the real estate, food additives, composite materials and polyester business units in Brazil, mass consumption and pipes and posts from Grupo Orbis S.A. and some of its subsidiaries.<\/h4>\r\n<h4>However, its history dates back to 1921 in Medellin, Colombia, with the creation of Cacharrer\u00eda Mundial, specialized in the hardware world and that over time was integrated vertically to create Pintuco in 1945, dedicated to the manufacture of paints; Andercol in 1965 for the production of chemicals and raw and intermediate materials and Inks in 1970.<\/h4>\r\n<p><a role=\"button\" href=\"https:\/\/grupoimsa.com.co\/en\/grupo-imsa\/\" target=\"_self\" rel=\"noopener\"> <b>MORE ABOUT US<\/b> <\/a><\/p>\r\n<h1>Our worldwide <br \/>presence<\/h1>\r\n<p>2<\/p>\r\n<h5>Plantas productivas en Colombia y Brasil.<\/h5>\r\n<p>628<\/p>\r\n<h5>People employed<br \/>approx.<\/h5>\r\n<p>27<\/p>\r\n<h5>Countries around the world where we export the products.<\/h5>\r\n<p><img loading=\"lazy\" decoding=\"async\" title=\"IMSA-presencia-geografica-202. p\u00e1gina web-01\" src=\"https:\/\/grupoimsa.com.co\/wp-content\/uploads\/2024\/06\/IMSA-presencia-geografica-202.-pagina-web-01-1.jpg\" sizes=\"auto, (max-width: 768px) 100vw, 100vw\" srcset=\"https:\/\/grupoimsa.com.co\/wp-content\/uploads\/2024\/06\/IMSA-presencia-geografica-202.-pagina-web-01-1.jpg 1834w, https:\/\/grupoimsa.com.co\/wp-content\/uploads\/2024\/06\/IMSA-presencia-geografica-202.-pagina-web-01-1-300x236.jpg 300w, https:\/\/grupoimsa.com.co\/wp-content\/uploads\/2024\/06\/IMSA-presencia-geografica-202.-pagina-web-01-1-1024x805.jpg 1024w, https:\/\/grupoimsa.com.co\/wp-content\/uploads\/2024\/06\/IMSA-presencia-geografica-202.-pagina-web-01-1-768x603.jpg 768w, https:\/\/grupoimsa.com.co\/wp-content\/uploads\/2024\/06\/IMSA-presencia-geografica-202.-pagina-web-01-1-1536x1207.jpg 1536w, https:\/\/grupoimsa.com.co\/wp-content\/uploads\/2024\/06\/IMSA-presencia-geografica-202.-pagina-web-01-1-15x12.jpg 15w, https:\/\/grupoimsa.com.co\/wp-content\/uploads\/2024\/06\/IMSA-presencia-geografica-202.-pagina-web-01-1-1260x990.jpg 1260w, https:\/\/grupoimsa.com.co\/wp-content\/uploads\/2024\/06\/IMSA-presencia-geografica-202.-pagina-web-01-1-630x495.jpg 630w, https:\/\/grupoimsa.com.co\/wp-content\/uploads\/2024\/06\/IMSA-presencia-geografica-202.-pagina-web-01-1-420x330.jpg 420w, https:\/\/grupoimsa.com.co\/wp-content\/uploads\/2024\/06\/IMSA-presencia-geografica-202.-pagina-web-01-1-840x660.jpg 840w, https:\/\/grupoimsa.com.co\/wp-content\/uploads\/2024\/06\/IMSA-presencia-geografica-202.-pagina-web-01-1-315x248.jpg 315w\" alt=\"IMSA-presencia-geografica-202. p\u00e1gina web-01\" width=\"1834\" height=\"1441\" \/><\/p>\r\n<h4>We assume with commitment the Sustainable Development Goals defined by the United Nations, for this reason, and understanding our important role in society, we act accordingly to contribute to the balance of the planet under three pillars:<\/h4>\r\n<h5>Economic Sustainability<\/h5>\r\n<p>Manage the<br \/>resources in a way<br \/>efficient.<\/p>\r\n<h5>Social Sustainability<\/h5>\r\n<p>Guarantee the dignity of people through compliance with Human Rights.<\/p>\r\n<h5>Environmental sustainability<\/h5>\r\n<p>Achieve management of natural resources in our productive activities.<\/p>\r\n<p><iframe src=\"https:\/\/maps.google.com\/maps?q=GRUPO+IMSA+COLOMBIA&amp;iwloc=near&amp;output=embed\" height=\"605\" frameborder=\"0\"><\/iframe><\/p>\r\n<h3>IMSA HEADQUARTERS<\/h3>\r\n<p>Colombia 57 604 310 7700<\/p>\r\n<p><a href=\"\/en\/contacto.imsa@grupoimsa.com.co\/\">contacto.imsa@grupoimsa.com.co<\/a><br \/>Lunes &#8211; Viernes: 7:30 am &#8211; 5:00 pm<\/p>\r\n<\/div><!-- .vgblk-rw-wrapper -->","protected":false},"excerpt":{"rendered":"<p>Nuestra Historia. Grupo IMSA S.A. nace en noviembre de 2021 tras la escisi\u00f3n de las unidades de negocio inmobiliaria, aditivos para alimentos, materiales compuestos y poli\u00e9ster en Brasil, consumo masivo y tuber\u00edas y postes de Grupo Orbis S.A. y algunas de sus filiales. Sin embargo, su historia se remonta hacia\u00a0 1921 en Medell\u00edn, Colombia, con&#8230;<\/p>","protected":false},"author":154,"featured_media":0,"parent":0,"menu_order":0,"comment_status":"closed","ping_status":"closed","template":"","meta":{"footnotes":""},"class_list":["post-15983","page","type-page","status-publish","hentry"],"_links":{"self":[{"href":"https:\/\/grupoimsa.com.co\/en\/wp-json\/wp\/v2\/pages\/15983","targetHints":{"allow":["GET"]}}],"collection":[{"href":"https:\/\/grupoimsa.com.co\/en\/wp-json\/wp\/v2\/pages"}],"about":[{"href":"https:\/\/grupoimsa.com.co\/en\/wp-json\/wp\/v2\/types\/page"}],"author":[{"embeddable":true,"href":"https:\/\/grupoimsa.com.co\/en\/wp-json\/wp\/v2\/users\/154"}],"replies":[{"embeddable":true,"href":"https:\/\/grupoimsa.com.co\/en\/wp-json\/wp\/v2\/comments?post=15983"}],"version-history":[{"count":87,"href":"https:\/\/grupoimsa.com.co\/en\/wp-json\/wp\/v2\/pages\/15983\/revisions"}],"predecessor-version":[{"id":989413,"href":"https:\/\/grupoimsa.com.co\/en\/wp-json\/wp\/v2\/pages\/15983\/revisions\/989413"}],"wp:attachment":[{"href":"https:\/\/grupoimsa.com.co\/en\/wp-json\/wp\/v2\/media?parent=15983"}],"curies":[{"name":"wp","href":"https:\/\/api.w.org\/{rel}","templated":true}]}}