{"id":3,"date":"2022-02-05T01:16:40","date_gmt":"2022-02-05T01:16:40","guid":{"rendered":"https:\/\/grupoimsa.com.co\/?page_id=3"},"modified":"2024-10-02T22:12:12","modified_gmt":"2024-10-02T22:12:12","slug":"https-grupoimsa-com-co-politica-de-tratamiento-de-datos","status":"publish","type":"page","link":"https:\/\/grupoimsa.com.co\/en\/https-grupoimsa-com-co-politica-de-tratamiento-de-datos\/","title":{"rendered":"Personal Data Protection Policy"},"content":{"rendered":"<div class=\"vgblk-rw-wrapper limit-wrapper\">\n\n\t<p>GRUPO IMSA S.A. (que en adelante y para efectos del presente documento se denominar\u00e1 &#8220;la Compa\u00f1\u00eda&#8221;) adopta la presente Pol\u00edtica de Protecci\u00f3n de Datos Personales dando cumplimiento a lo establecido en la Ley 1581 de 2012 y a su Decreto Reglamentario 1377 de 2013 y dem\u00e1s normas que la modifiquen, reglamenten, con el prop\u00f3sito de proteger la informaci\u00f3n y el ejercicio de los derechos de los Titulares de Datos que sean Tratados por la Compa\u00f1\u00eda.<\/p>\n<p>Los Datos Personales en custodia de la Compa\u00f1\u00eda, en su condici\u00f3n de Responsable y\/o Encargada seg\u00fan el caso, ser\u00e1n Tratados cumpliendo los principios y regulaciones previstas en las leyes colombianas, la legislaci\u00f3n nacional vigente y las buenas pr\u00e1cticas aplicables al r\u00e9gimen de protecci\u00f3n de Datos Personales, de acuerdo con lo que determina la Pol\u00edtica de Protecci\u00f3n de Datos Personales que se define a continuaci\u00f3n<\/p>\n<h2>\n\t\tDefinitions\n\t<\/h2>\n\t<p><strong>\u00a0Autorizaci\u00f3n: <\/strong>Consentimiento previo, expreso e informado del Titular para llevar a cabo el Tratamiento de Datos Personales.<\/p>\n<p><strong>Aviso de privacidad: <\/strong>Comunicaci\u00f3n verbal o escrita generada por el Responsable, dirigida al Titular para el Tratamiento de sus Datos Personales, mediante la cual se le informa acerca de la existencia de las pol\u00edticas de Tratamiento de informaci\u00f3n que le ser\u00e1n aplicables, la forma de acceder a las mismas y las finalidades del Tratamiento que se pretende dar a los Datos Personales.<\/p>\n<p><strong>Base de Datos: <\/strong>Conjunto organizado de Datos Personales que sea objeto de Tratamiento.<\/p>\n<p><strong>Compa\u00f1\u00eda: <\/strong>Se refiere a Grupo IMSA S.A.<\/p>\n<p><strong>Dato Personal: <\/strong>Cualquier informaci\u00f3n vinculada o que pueda asociarse a una o varias personas naturales determinadas o determinables.<\/p>\n<p><strong>Dato P\u00fablico: <\/strong>Es el dato calificado como tal seg\u00fan los mandatos de la ley o de la Constituci\u00f3n Pol\u00edtica y todos aquellos que no sean semiprivados o privados, de conformidad con la ley. Son considerados datos p\u00fablicos, entre otros, los datos relativos al estado civil de las personas, a su profesi\u00f3n u oficio y a su calidad de comerciante o de servidor p\u00fablico. Por su naturaleza, los datos p\u00fablicos pueden estar contenidos, entre otros, en registros p\u00fablicos, documentos p\u00fablicos, gacetas y boletines oficiales y sentencias judiciales debidamente ejecutoriadas que no est\u00e9n sometidas a reserva.<\/p>\n<p><strong>Dato Semiprivado: <\/strong>Es semiprivado el dato que no tiene naturaleza \u00edntima, reservada, ni p\u00fablica y cuyo conocimiento o divulgaci\u00f3n puede interesar no s\u00f3lo a su titular sino a cierto sector o grupo de personas o a la Compa\u00f1\u00eda en general, como el dato financiero y crediticio de actividad comercial o de servicios conforme lo establece la normatividad vigente en la materia.<\/p>\n<p><strong>Dato Privado <\/strong>Es el dato que por su naturaleza \u00edntima o reservada s\u00f3lo es relevante para el titular.<\/p>\n<p><strong>Datos Sensibles: <\/strong>Se entiende por datos sensibles aquellos que afectan la intimidad del Titular o cuyo uso indebido puede generar su discriminaci\u00f3n, tales como aquellos que revelen el origen racial o \u00e9tnico, la orientaci\u00f3n pol\u00edtica, las convicciones religiosas o filos\u00f3ficas, la pertenencia a sindicatos, organizaciones sociales, de derechos humanos o que promueva intereses de cualquier partido pol\u00edtico o que garanticen los derechos y garant\u00edas de partidos pol\u00edticos de oposici\u00f3n, as\u00ed como los datos relativos a la salud, a la vida sexual, y los datos biom\u00e9tricos.<\/p>\n<p><strong>Encargado del Tratamiento: <\/strong>Persona natural o jur\u00eddica, p\u00fablica o privada, que por s\u00ed misma o en asocio con otros, realice el Tratamiento de Datos Personales por cuenta del Responsable del Tratamiento.<\/p>\n<p><strong>Responsable del Tratamiento: <\/strong>Persona natural o jur\u00eddica, p\u00fablica o privada, que por s\u00ed misma o en asocio con otros, decida sobre la Base de Datos y\/o el Tratamiento de los Datos.<\/p>\n<p><strong>Titular: <\/strong>Persona natural cuyos Datos Personales sean objeto de Tratamiento.<\/p>\n<p><strong>Tratamiento: <\/strong>Cualquier operaci\u00f3n o conjunto de operaciones sobre Datos Personales, tales como la recolecci\u00f3n, almacenamiento, uso, circulaci\u00f3n o supresi\u00f3n.<\/p>\n<p><strong>Transferencia: <\/strong>La Transferencia de datos tiene lugar cuando el Responsable y\/o Encargado del Tratamiento de Datos Personales, ubicado en Colombia, env\u00eda la informaci\u00f3n o los Datos Personales a un receptor, que a su vez es Responsable del Tratamiento y se encuentra dentro o fuera del pa\u00eds.<\/p>\n<p><strong>Transmisi\u00f3n: <\/strong>Tratamiento de Datos Personales que implica la comunicaci\u00f3n de los mismos dentro o fuera del territorio de la Rep\u00fablica de Colombia cuando tenga por objeto la realizaci\u00f3n de un Tratamiento por el Encargado por cuenta del Responsable.<\/p>\n<h2>\n\t\tPurposes\n\t<\/h2>\n\t<p>Los Datos Personales en poder de la Compa\u00f1\u00eda ser\u00e1n tratados conforme con las siguientes finalidades de car\u00e1cter general:<\/p>\n<ul>\n<li>Para el cumplimiento de las obligaciones y\/o compromisos derivados de las relaciones negociales existentes con los Titulares.<\/li>\n<li>Para el cumplimiento de las obligaciones legales que involucren Datos Personales de los Titulares.<\/li>\n<li>Para la gesti\u00f3n comercial y relacionamiento con los Titulares.<\/li>\n<li>Para el an\u00e1lisis prospectivo sobre tendencias y preferencias de los Titulares en relaci\u00f3n con sus bienes y\/o servicios.<\/li>\n<li>Para conocer de manera prospectiva las necesidades de los Titulares con el fin de innovar y satisfacer dichas necesidades.<\/li>\n<li>Para comunicar a los Titulares informaci\u00f3n sobre sus bienes, servicios, publicaciones, eventos de capacitaci\u00f3n, actividades empresariales y\/o publicidad asociada a su actividad empresarial, tr\u00e1tese de bienes y\/o servicios.<\/li>\n<li>Para desplegar hacia los Titulares actividades de responsabilidad social empresarial.<\/li>\n<li>Para ser tratados por la Compa\u00f1\u00eda en virtud de las relaciones societarias, contractuales o legales.<\/li>\n<li>Para transferir con terceros en funci\u00f3n del cumplimiento del objeto de la relaci\u00f3n negocial entre las partes.<\/li>\n<li>Para transferir a terceros y suministrar datos sobre el cumplimiento o incumplimiento de las obligaciones legales y negociales de manera directa o por intermedio de las entidades p\u00fablicas que ejercen funciones de vigilancia y control.<\/li>\n\n<\/ul>\n<h2>\n\t\tResponsible<b> for the treatment<\/b>\n\t<\/h2>\n\t<p>Grupo IMSA S.A., es una sociedad constituida bajo las leyes de la Rep\u00fablica de Colombia, identificada con NIT (N\u00famero de Identificaci\u00f3n Tributaria) 901.544.345-9, tiene su domicilio en la ciudad de Medell\u00edn en la direcci\u00f3n registrada en la C\u00e1mara de Comercio.<\/p>\n<p>Ser\u00e1 responsable del Tratamiento de Datos Personales Grupo IMSA S.A.<\/p>\n<h2>\n\t\tRights of<b> the holders<\/b>\n\t<\/h2>\n\t<p>Los Titulares de los Datos Personales a que se refiere la Ley 1581 de 2012, en su condici\u00f3n de Titular o leg\u00edtimamente autorizado, en relaci\u00f3n con el tratamiento de sus Datos Personales, tienen derecho a ejercer las acciones que la ley reconoce en materia de protecci\u00f3n de Datos Personales y habeas data, a saber:<\/p>\n<ul>\n<li>Conocer, actualizar y rectificar sus Datos Personales frente a la Compa\u00f1\u00eda o los Encargados del Tratamiento. Este derecho se podr\u00e1 ejercer, entre otros frente a Datos Parciales, inexactos, incompletos, fraccionados, que induzcan a error, o aquellos cuyo Tratamiento est\u00e9 expresamente prohibido o no haya sido<\/li>\n<li>Solicitar prueba de la Autorizaci\u00f3n otorgada al Responsable del Tratamiento, salvo cuando expresamente se except\u00fae como requisito para el Tratamiento, de conformidad con lo previsto en el art\u00edculo 10 de la Ley 1581 de 2012.<\/li>\n<li>Ser informado por el Responsable del Tratamiento o el Encargado del Tratamiento, previa solicitud, respecto del uso que le ha dado a sus Datos Personales.<\/li>\n<li>Presentar ante la Compa\u00f1\u00eda peticiones, quejas o reclamos, sobre el manejo de los Datos de los Titulares, en los canales dispuesto para ello.<\/li>\n<li>Presentar ante la Superintendencia de Industria y Comercio quejas por infracciones a lo dispuesto en la Ley 1581 de 2012 y las dem\u00e1s normas que la modifiquen, adicionen o complementen.<\/li>\n<li>Revocar la Autorizaci\u00f3n y\/o solicitar la supresi\u00f3n del dato cuando en el Tratamiento no se respeten los principios, derechos y garant\u00edas constitucionales y legales. La revocatoria y\/o supresi\u00f3n proceder\u00e1 cuando la Superintendencia de Industria y Comercio haya determinado que en el Tratamiento el Responsable o Encargado han incurrido en conductas contrarias a la ley y a la Constituci\u00f3n.<\/li>\n<li>Acceder en forma gratuita a sus Datos Personales que hayan sido objeto de Tratamiento.<\/li>\n<li>Abstenerse de responder las preguntas sobre datos sensibles. Tendr\u00e1 car\u00e1cter facultativo las respuestas que versen sobre datos sensibles o sobre datos de los ni\u00f1os y adolescentes.<\/li>\n<\/ul>\n<h2>\n\t\tTreatment of<b> sensitive data<\/b>\n\t<\/h2>\n\t<p>En el desarrollo de su objeto social, la Compa\u00f1\u00eda realiza el Tratamiento de Datos Personales de sus empleados, inversionistas, accionistas y proveedores de bienes y servicios. En cumplimiento de procesos y pol\u00edticas corporativas, pueden llegar a requerir la Transmisi\u00f3n o Transferencia de dichos datos a sus Compa\u00f1\u00edas vinculadas, filiales y\/o subsidiarias. La recolecci\u00f3n de Datos Personales por parte de la Compa\u00f1\u00eda se limitar\u00e1 a aquellos Datos Personales que son pertinentes para la finalidad para la cual son recolectados o requeridos. Salvo en los casos expresamente previstos en la Ley, no se recolectar\u00e1n Datos Personales sin Autorizaci\u00f3n del Titular, ni se utilizar\u00e1n medios enga\u00f1osos o fraudulentos para recolectar y realizar Tratamiento de Datos Personales.<\/p>\n<p>De acuerdo con la ley 1581 de 2012 son datos personales sensibles &#8220;aquellos que afectan la intimidad del Titular o cuyo uso indebido puede generar su discriminaci\u00f3n&#8221;, tales como aquellos que revelen el origen racial o \u00e9tnico, la orientaci\u00f3n pol\u00edtica, las convicciones religiosas o filos\u00f3ficas, la pertenencia a sindicatos, organizaciones sociales, de derechos humanos o que promueva intereses de cualquier partido pol\u00edtico o que garanticen los derechos y garant\u00edas de partidos pol\u00edticos de oposici\u00f3n as\u00ed como los datos relativos a la salud, a la vida sexual y los datos biom\u00e9tricos. Dentro de ellos se encuentran reconocidos tambi\u00e9n los datos de los menores de edad.<\/p>\n<p>La Compa\u00f1\u00eda deber\u00e1 tratar datos de esta naturaleza, en el desarrollo de las relaciones con sus empleados en especial, los relativos a la salud y eventualmente los datos biom\u00e9tricos en virtud de la reproducci\u00f3n, comunicaci\u00f3n p\u00fablica y transformaci\u00f3n de fotograf\u00edas o procedimientos an\u00e1logos y\/o digitales a la fotograf\u00eda o las producciones audiovisuales para fines corporativos. En cumplimiento de la ley, la Compa\u00f1\u00eda, no recolectar\u00e1n datos de ni\u00f1os, ni\u00f1as y adolescentes, salvo los relacionados con la vinculaci\u00f3n de aprendices menores de edad conforme lo permite la normatividad vigente en materia laboral y los relacionados con los datos de los hijos de empleados, bien sea para su vinculaci\u00f3n o actualizaci\u00f3n.<\/p>\n<p>En todo caso, en el tratamiento de dichos datos se adoptar\u00e1n medidas especiales de seguridad, y cuando vaya a ser solicitada la autorizaci\u00f3n para el tratamiento de datos sensibles ser\u00e1 advertido al titular las finalidades para las cuales ser\u00e1n tratados y les ser\u00e1 informado que cuentan con el derecho de abstenerse de responder las preguntas sobre datos sensibles, incluyendo datos de las ni\u00f1as, ni\u00f1os y adolescentes.<\/p>\n<p>En los procesos de la Compa\u00f1\u00eda que impliquen la recolecci\u00f3n y tratamiento de Datos Personales, se har\u00e1 remisi\u00f3n a la presente Pol\u00edtica de Protecci\u00f3n de Datos<strong>.<\/strong><\/p>\n<h2>\n\t\tFinalidades para el <b> tratamiento de datos espec\u00edficas<\/b>\n\t<\/h2>\n\t<p>El Tratamiento de datos incluye la recolecci\u00f3n, almacenamiento, administraci\u00f3n, utilizaci\u00f3n, Transferencia, Transmisi\u00f3n y destrucci\u00f3n, en la forma permitida por la ley y se realiza con las siguientes finalidades espec\u00edfica para cada caso:<\/p>\n<p><strong>a. Datos personales de empleados y exempleados<\/strong>: Cumplimiento de las obligaciones \u00a0laborales de los empleados a cargo de la Compa\u00f1\u00eda, tales como: pagos de n\u00f3mina, pagos y reportes al Sistema General de Seguridad Social en Salud y Pensiones, prestaciones sociales, gesti\u00f3n de las incapacidades m\u00e9dicas de los empleados, gesti\u00f3n y manejo de accidentes de trabajo y\/o de enfermedades profesionales y dem\u00e1s retribuciones consagradas en el contrato de trabajo o seg\u00fan lo disponga la ley; as\u00ed como \u00a0\u00a0para la atenci\u00f3n de consultas, peticiones, solicitudes, acciones y reclamos; \u00a0actividades de la Compa\u00f1\u00eda tales como capacitaciones, otorgamientos de cr\u00e9ditos, actividades de recreaci\u00f3n, env\u00edo de comunicaciones corporativas, realizar alianzas comerciales para generar valores agregados para los empleados, cumplimiento de las normas de prevenci\u00f3n del lavado de activos y financiaci\u00f3n del terrorismo y dem\u00e1s actividades que se requieran en el normal desarrollo de la organizaci\u00f3n y el cumplimiento de las normas, reglamentos y \u00a0actividades.<\/p>\n<p>Los Datos Personales tambi\u00e9n ser\u00e1n utilizados para promover plataformas de interacci\u00f3n con la Compa\u00f1\u00eda, que permitan generar espacios alternativos de comunicaci\u00f3n y obtener informaci\u00f3n de valor para la gesti\u00f3n del recurso humano. Con los Datos Personales proporcionados se crear\u00e1 el respectivo perfil de usuario en el sistema de la Compa\u00f1\u00eda, el cual podr\u00e1 ser administrado por cada Titular del dato.<\/p>\n<p>La Compa\u00f1\u00eda utilizar\u00e1n los Datos Personales de los empleados o ex empleados referentes a los derechos de imagen sobre fotograf\u00edas o procedimientos an\u00e1logos y\/o digitales a la fotograf\u00eda, o producciones audiovisuales (videos), de conformidad con las normas nacionales e internacionales que sean aplicables, para su reproducci\u00f3n, comunicaci\u00f3n p\u00fablica, transformaci\u00f3n y distribuci\u00f3n en ediciones impresas y electr\u00f3nicas, digitales, \u00f3pticas y en internet, para fines \u00fanicamente corporativos.<\/p>\n<p>Durante emergencias sanitarias declaradas por el Gobierno Nacional, o cualquier tipo de estado de excepci\u00f3n que afecte la operaci\u00f3n de la Compa\u00f1\u00eda, estas trataran datos sensibles de los empleados, asociados a la contingencia de conformidad con la normativa vigente en la materia y a las necesidades requeridas.<\/p>\n<p><strong>b) Datos personales de accionistas e inversionistas<\/strong>: Para la atenci\u00f3n de consultas, peticiones, solicitudes, acciones, reclamos y pago de dividendos. Adem\u00e1s, se utiliza para el desarrollo de actividades de la Compa\u00f1\u00eda tales como capacitaciones, actividades de recreaci\u00f3n, env\u00edo de comunicaciones corporativas, para cumplir con las normas de prevenci\u00f3n del lavado de activos y financiaci\u00f3n del terrorismo y dem\u00e1s actividades que se requieran en el normal desarrollo de la organizaci\u00f3n y el cumplimiento de las normas, reglamentos y actividades.<\/p>\n<p>Durante emergencias sanitarias declaradas por el Gobierno Nacional, o cualquier tipo de estado de excepci\u00f3n que afecte la operaci\u00f3n de la Compa\u00f1\u00eda, estas trataran datos sensibles de los accionista e inversionistas, asociados a la contingencia de conformidad con la normativa vigente en la materia y a las necesidades requeridas.<\/p>\n<p><strong>c) Datos personales de proveedores:<\/strong> Para cumplir con las obligaciones legales y\/o contractuales, tales como pagos, facturaci\u00f3n, reporte de pagos, reportes que por ley o por pol\u00edticas internas la Compa\u00f1\u00eda tienen la obligaci\u00f3n de realizar; para el mantenimiento y desarrollo de la relaci\u00f3n comercial; para llevar a cabo actividades de mercadeo, promoci\u00f3n o publicidad, para realizar actividades de inteligencia de mercados, realizar alianzas comerciales; para generar valor agregado, dar a conocer noticias e informaci\u00f3n de los productos y\/o servicios de la Compa\u00f1\u00eda; para cumplir con las normas de prevenci\u00f3n del lavado de activos y financiaci\u00f3n del terrorismo; para verificar deudas con el Estado; para cumplir con las obligaciones a cargo de la Compa\u00f1\u00eda en materia de calidad de los productos y servicios, para la atenci\u00f3n efectiva de consultas y\/o reclamos de proveedores, para la atenci\u00f3n de consultas, peticiones y\/o solicitudes; para iniciar y\/o atender acciones y\/o reclamos de proveedores; para realizar auditor\u00edas, enviar invitaciones para participar en procesos de contrataci\u00f3n y para solicitar y enviar cotizaciones y\/o informaci\u00f3n sobre productos y servicios.<\/p>\n<p>Durante emergencias sanitarias declaradas por el Gobierno Nacional, o cualquier tipo de estado de excepci\u00f3n que afecte la operaci\u00f3n de la Compa\u00f1\u00eda, estas trataran datos sensibles de los proveedores, asociados a la contingencia de conformidad con la normativa vigente en la materia y a las necesidades requeridas.<\/p>\n<h2>\n\t\tRevocatoria de la <b> autorizaci\u00f3n y\/o supresi\u00f3n de datos<\/b>\n\t<\/h2>\n\t<p>Los Titulares podr\u00e1n en todo momento solicitar a la Compa\u00f1\u00eda la supresi\u00f3n de los Datos Personales a que se refiere la Ley 1581 de 2012 y\/o revocar la Autorizaci\u00f3n otorgada para el Tratamiento de estos, mediante la presentaci\u00f3n de un reclamo, de acuerdo con el procedimiento indicado en esta Pol\u00edtica. Si vencido el t\u00e9rmino legal respectivo, la Compa\u00f1\u00eda no hubiere eliminado los Datos Personales, el Titular tendr\u00e1 derecho a solicitar a la Superintendencia de Industria y Comercio que ordene la revocatoria de la Autorizaci\u00f3n y\/o la supresi\u00f3n de los Datos Personales. No obstante, lo anterior, los Datos Personales deber\u00e1n ser conservados cuando as\u00ed se requiera para el cumplimiento de una obligaci\u00f3n legal o contractual. En caso de que los Responsables realicen el Tratamiento de Datos Sensibles, se garantiza que se obtendr\u00e1 la Autorizaci\u00f3n para el Tratamiento de dichos datos de manera previa y expresa, cumpliendo con las siguientes obligaciones:<\/p>\n<ul>\n<li>Se informar\u00e1 al Titular de los datos que por tratarse de Datos Sensibles no est\u00e1 obligado a autorizar su Tratamiento.<\/li>\n<li>Se le informar\u00e1 de forma previa y expresa al Titular cu\u00e1les son los datos Sensibles y cu\u00e1l ser\u00e1 la finalidad del Tratamiento que se les dar\u00e1.<\/li>\n<li>No se condicionar\u00e1 ninguna actividad a que el Titular suministre Datos Sensibles.<\/li>\n<\/ul>\n<h2>\n\t\tProcedimiento para el <b> ejercicio del derecho de habeas data<\/b>\n\t<\/h2>\n\t<p>Para el ejercicio del Derecho de Habeas Data, el Titular del Dato Personal o quien demuestre un leg\u00edtimo inter\u00e9s conforme lo se\u00f1alado en la normatividad vigente, podr\u00e1 hacerlo diligenciando el formulario ubicado en la secci\u00f3n Protecci\u00f3n de Datos Personales de la p\u00e1gina web <a href=\"http:\/\/www.grupoimsa.com\/\">www.grupoimsa.com<\/a><u>.co<\/u>; o a trav\u00e9s de una comunicaci\u00f3n dirigida al \u00e1rea jur\u00eddica de la Compa\u00f1\u00eda \u00a0\u00a0o en la direcci\u00f3n registrada en la C\u00e1mara de Comercio de Medell\u00edn para Antioquia. Quien ejerza el derecho de habeas data deber\u00e1 suministrar con precisi\u00f3n los datos de contacto solicitados en el formulario de la p\u00e1gina web o en su defecto la informaci\u00f3n de contacto para efecto de tramitar y atender su solicitud para el ejercicio de sus derechos.<\/p>\n<p>Las consultas ser\u00e1n atendidas en un t\u00e9rmino m\u00e1ximo de diez (10) d\u00edas h\u00e1biles contados a partir de la fecha de recibo de esta. Cuando no fuere posible atender la consulta dentro de dicho t\u00e9rmino, se informar\u00e1 al interesado, expresando los motivos de la demora y se\u00f1alando la fecha en que se atender\u00e1 su consulta, la cual en ning\u00fan caso podr\u00e1 superar los cinco (5) d\u00edas h\u00e1biles siguientes al vencimiento del primer t\u00e9rmino.<\/p>\n<p>Respecto, los reclamos o la solicitud de correcci\u00f3n, actualizaci\u00f3n, rectificaci\u00f3n, revocaci\u00f3n o supresi\u00f3n de datos personales, recibida la solicitud de ejercicio de Habeas Data, la Compa\u00f1\u00eda dar\u00e1 respuesta en el t\u00e9rmino legal de diez (10) d\u00edas h\u00e1biles, el cual podr\u00e1 ser prorrogado por cinco (5) d\u00edas h\u00e1biles adicionales, previa comunicaci\u00f3n a quien ha ejercido este derecho, de acuerdo con lo dispuesto por la ley.<\/p>\n<p>En caso de requerirse informaci\u00f3n adicional para atender la solicitud, esta deber\u00e1 ser presentada por el solicitante dentro de los dos (2) meses siguientes al requerimiento; si no lo hace se entender\u00e1 que ha desistido.<\/p>\n<p>El t\u00e9rmino m\u00e1ximo que tiene el Responsable para atender la solicitud es de quince (15) d\u00edas h\u00e1biles contados a partir del d\u00eda siguiente a la fecha de su recibo. Cuando no fuere posible atender la solicitud dentro de dicho t\u00e9rmino, se informar\u00e1 al interesado los motivos de la demora y la fecha en que se atender\u00e1 su solicitud, la cual no podr\u00e1 superar los ocho (8) d\u00edas h\u00e1biles siguientes al vencimiento del primer t\u00e9rmino.<\/p>\n<p>El Tratamiento de los Datos Personales que realiza la Compa\u00f1\u00eda conforme a esta Pol\u00edtica se har\u00e1 con base en la norma, programas, procedimientos e instructivos adoptados para el cumplimiento de la legislaci\u00f3n aplicable a la protecci\u00f3n de Datos Personales.<\/p>\n<p>Para los datos recolectados antes de la expedici\u00f3n del Decreto 1377 de 2013, la Compa\u00f1\u00eda ha puesto en conocimiento de los Titulares la Pol\u00edtica de Protecci\u00f3n de Datos y el modo de ejercer sus derechos mediante su publicaci\u00f3n en la p\u00e1gina web https:\/\/grupoimsa.com.co\/politica-de-tratamiendo-de-datos\/<\/p>\n<h2>\n\t\tTransferencia o transmisi\u00f3n Internacional<b> de datos personales<\/b>\n\t<\/h2>\n\t<p>La Compa\u00f1\u00eda podr\u00e1n realizar la Transferencia y Transmisi\u00f3n, incluso internacional, de los Datos Personales que tenga en sus Bases de Datos, siempre y cuando se cumplan los requerimientos legales aplicables y los Titulares de los Datos Personales autoricen expresamente la Transferencia y Transmisi\u00f3n, incluso a nivel internacional.<\/p>\n<p>Para la Transferencia de Datos Personales de los Titulares, la Compa\u00f1\u00eda tomar\u00e1 las medidas necesarias para que los terceros conozcan y se comprometan a observar la presente Pol\u00edtica, bajo el entendido que la informaci\u00f3n personal que reciban \u00fanicamente podr\u00e1 ser utilizada para asuntos directamente relacionados con la Compa\u00f1\u00eda o los fines autorizados por el titular de manera expresa, y solamente mientras esta Autorizaci\u00f3n est\u00e9 vigente. No podr\u00e1 ser usada o destinada para prop\u00f3sito o fin diferente.<\/p>\n\n<h2>\n\t\tModificaciones a la pol\u00edtica <b>de protecci\u00f3n de datos personales<\/b>\n\t<\/h2>\n\t<p>La Compa\u00f1\u00eda se reservan el derecho de efectuar en cualquier momento modificaciones o actualizaciones a esta Pol\u00edtica de Protecci\u00f3n de Datos Personales, para la atenci\u00f3n de novedades legislativas, pol\u00edticas internas o nuevos requerimientos para la prestaci\u00f3n u ofrecimiento de sus servicios o productos. Estas modificaciones estar\u00e1n disponibles al p\u00fablico a trav\u00e9s de la p\u00e1gina web <a href=\"http:\/\/www.grupoimsa.com\/\">www.grupoimsa.com.co<\/a><\/p>\n<h2>\n\t\tVigencia\n\t<\/h2>\n\t<p>La presente Pol\u00edtica de Tratamiento de Datos rige desde su aprobaci\u00f3n por la Junta Directiva el (18 de enero de 2022.)<\/p>\n<p>La presente Pol\u00edtica de Tratamiento de Datos fue revisada por el \u00c1rea Jur\u00eddica y de Riesgos de Grupo IMSA y aprobada por la Junta Directiva el (14 de Marzo de 2024), sin realizar cambios en las finalidades del Tratamiento de Datos Personales.<\/p>\n<h2>\n\t\tFormulario\n\t<\/h2>\n\t<p>Formulario Quejas y Reclamos relacionados con datos personales<\/p>\n\tAviso: Se requiere JavaScript para este contenido.\n        <!-- That data is being printed as a workaround to page builders reordering the order of the scripts loaded-->\n        \n<\/div><!-- .vgblk-rw-wrapper -->","protected":false},"excerpt":{"rendered":"<p>GRUPO IMSA S.A. (que en adelante y para efectos del presente documento se denominar\u00e1 &#8220;la Compa\u00f1\u00eda&#8221;) adopta la presente Pol\u00edtica de Protecci\u00f3n de Datos Personales dando cumplimiento a lo establecido en la Ley 1581 de 2012 y a su Decreto Reglamentario 1377 de 2013 y dem\u00e1s normas que la modifiquen, reglamenten, con el prop\u00f3sito de&#8230;<\/p>","protected":false},"author":154,"featured_media":0,"parent":0,"menu_order":0,"comment_status":"closed","ping_status":"closed","template":"","meta":{"footnotes":""},"class_list":["post-3","page","type-page","status-publish","hentry"],"_links":{"self":[{"href":"https:\/\/grupoimsa.com.co\/en\/wp-json\/wp\/v2\/pages\/3","targetHints":{"allow":["GET"]}}],"collection":[{"href":"https:\/\/grupoimsa.com.co\/en\/wp-json\/wp\/v2\/pages"}],"about":[{"href":"https:\/\/grupoimsa.com.co\/en\/wp-json\/wp\/v2\/types\/page"}],"author":[{"embeddable":true,"href":"https:\/\/grupoimsa.com.co\/en\/wp-json\/wp\/v2\/users\/154"}],"replies":[{"embeddable":true,"href":"https:\/\/grupoimsa.com.co\/en\/wp-json\/wp\/v2\/comments?post=3"}],"version-history":[{"count":26,"href":"https:\/\/grupoimsa.com.co\/en\/wp-json\/wp\/v2\/pages\/3\/revisions"}],"predecessor-version":[{"id":989422,"href":"https:\/\/grupoimsa.com.co\/en\/wp-json\/wp\/v2\/pages\/3\/revisions\/989422"}],"wp:attachment":[{"href":"https:\/\/grupoimsa.com.co\/en\/wp-json\/wp\/v2\/media?parent=3"}],"curies":[{"name":"wp","href":"https:\/\/api.w.org\/{rel}","templated":true}]}}