{"id":987770,"date":"2022-02-15T13:57:38","date_gmt":"2022-02-15T13:57:38","guid":{"rendered":"https:\/\/grupoimsa.com.co\/?page_id=987770"},"modified":"2022-04-04T13:49:42","modified_gmt":"2022-04-04T13:49:42","slug":"mapa-del-sitio","status":"publish","type":"page","link":"https:\/\/grupoimsa.com.co\/en\/mapa-del-sitio\/","title":{"rendered":"Mapa del Sitio"},"content":{"rendered":"<div class=\"vgblk-rw-wrapper limit-wrapper\">\n\n\t<h4><a href=\"https:\/\/grupoimsa.com.co\/en\/\"><strong>Home<\/strong><\/a><\/h4>\n\t<h4><strong><a href=\"https:\/\/grupoimsa.com.co\/en\/grupo-imsa\/\">About IMSA<\/a><\/strong><\/h4>\n\t<h4><strong>Shareholders and Investors<\/strong><\/h4>\n\t<p><a href=\"https:\/\/grupoimsa.com.co\/en\/portal-accionistas\/\">Shareholders Portal<\/a><\/p>\n<p><a href=\"https:\/\/grupoimsa.com.co\/en\/gobierno-corporativo\/\">Corporate Governance<\/a><\/p>\n<p><a href=\"https:\/\/grupoimsa.com.co\/en\/resultados-financieros\/\">Financial Results<\/a><\/p>\n<p><a href=\"https:\/\/grupoimsa.com.co\/en\/asamblea-de-accionistas\/\">Investors Assembly<\/a><\/p>\n\t<h4><strong>Business<\/strong><\/h4>\n\t<p><a href=\"https:\/\/grupoimsa.com.co\/en\/materiales-compuestos\/\">Composite Materials<\/a><\/p>\n<p><a href=\"https:\/\/grupoimsa.com.co\/en\/consumo-masivo\/\">Massive Consume<\/a><\/p>\n<p><a href=\"https:\/\/grupoimsa.com.co\/en\/tuberias-y-postes\/\">Pipes and Poles<\/a><\/p>\n<p><a href=\"https:\/\/grupoimsa.com.co\/en\/aditivos-para-alimentos\/\">Food Additives<\/a><\/p>\n<p><a href=\"https:\/\/grupoimsa.com.co\/en\/inmobiliario\/\">Real Estate<\/a><\/p>\n\t<h4><a href=\"https:\/\/grupoimsa.com.co\/en\/sostenibilidad\/\"><strong>Sustainability<\/strong><\/a><\/h4>\n\t<h4><strong><a href=\"https:\/\/grupoimsa.com.co\/en\/linea-etica\/\">Ethics Line<\/a><\/strong><\/h4>\n\t<h4><strong>Providers<\/strong><\/h4>\n\t<p><a href=\"https:\/\/grupoimsa.com.co\/en\/registro-de-proveedores\/\">Supplier Registration<\/a><\/p>\n<p><a href=\"https:\/\/grupoimsa.com.co\/en\/impuestos\/\">Taxes<\/a><\/p>\n\t<h4><a href=\"https:\/\/grupoimsa.com.co\/en\/actualidad\/\"><strong>News<\/strong><\/a><\/h4>\n\t<h4><strong><a href=\"https:\/\/grupoimsa.com.co\/en\/contactenos\/\">Contacto<\/a><\/strong><\/h4>\n\t<h4><strong><a href=\"https:\/\/grupoimsa.com.co\/en\/politica-de-tratamiendo-de-datos\/\">Data Processing Policy<\/a><\/strong><\/h4>\n\t<h4><strong><a href=\"https:\/\/www.superfinanciera.gov.co\/jsp\/index.jsf\" target=\"_blank\" rel=\"noopener\">S\u00faperfinanciera de Colombia<\/a><\/strong><\/h4>\n\n<\/div><!-- .vgblk-rw-wrapper -->","protected":false},"excerpt":{"rendered":"<p>Inicio Grupo IMSA Accionistas e Inversionistas Portal Accionistas Gobierno Corporativo Resultados Financieros Asamblea de Accionistas Negocios Materiales Compuestos Consumo Masivo Tuber\u00edas y Postes Aditivos para Alimentos Inmobiliario Sostenibilidad L\u00ednea \u00c9tica Proveedores Registro de Proveedores Impuestos Actualidad Contacto Pol\u00edtica de Tratamiendo de Datos S\u00faperfinanciera de Colombia<\/p>","protected":false},"author":154,"featured_media":0,"parent":0,"menu_order":0,"comment_status":"closed","ping_status":"closed","template":"","meta":{"footnotes":""},"class_list":["post-987770","page","type-page","status-publish","hentry"],"_links":{"self":[{"href":"https:\/\/grupoimsa.com.co\/en\/wp-json\/wp\/v2\/pages\/987770","targetHints":{"allow":["GET"]}}],"collection":[{"href":"https:\/\/grupoimsa.com.co\/en\/wp-json\/wp\/v2\/pages"}],"about":[{"href":"https:\/\/grupoimsa.com.co\/en\/wp-json\/wp\/v2\/types\/page"}],"author":[{"embeddable":true,"href":"https:\/\/grupoimsa.com.co\/en\/wp-json\/wp\/v2\/users\/154"}],"replies":[{"embeddable":true,"href":"https:\/\/grupoimsa.com.co\/en\/wp-json\/wp\/v2\/comments?post=987770"}],"version-history":[{"count":13,"href":"https:\/\/grupoimsa.com.co\/en\/wp-json\/wp\/v2\/pages\/987770\/revisions"}],"predecessor-version":[{"id":988388,"href":"https:\/\/grupoimsa.com.co\/en\/wp-json\/wp\/v2\/pages\/987770\/revisions\/988388"}],"wp:attachment":[{"href":"https:\/\/grupoimsa.com.co\/en\/wp-json\/wp\/v2\/media?parent=987770"}],"curies":[{"name":"wp","href":"https:\/\/api.w.org\/{rel}","templated":true}]}}