{"id":987887,"date":"2022-02-23T13:50:12","date_gmt":"2022-02-23T13:50:12","guid":{"rendered":"https:\/\/grupoimsa.com.co\/?page_id=987887"},"modified":"2023-06-26T14:45:55","modified_gmt":"2023-06-26T14:45:55","slug":"aditivos-para-alimentos","status":"publish","type":"page","link":"https:\/\/grupoimsa.com.co\/en\/aditivos-para-alimentos\/","title":{"rendered":"Food Additives"},"content":{"rendered":"<div class=\"vgblk-rw-wrapper limit-wrapper\">\n\n\tAddimentum con sede en Colombia, produce y comercializa ingredientes para la industria de alimentos, elaborados con los mejores est\u00e1ndares de calidad requeridos por el mercado. \n<h2>\n\tMain managers <b>lines of business focus on:<\/b>\n\t<\/h2>\n<h4>\n\tPreservatives and acidifiers\n\t<\/h4>\n\t<p>Like fumaric acid, in its hot water soluble (HWS) and cold water soluble (CWS) versions, with different particle size ranges, which facilitate the homogenization of the product in processed food formulations and allow greater equipment efficiencies and processes.<\/p>\n<h4>\n\tFortification systems\n\t<\/h4>\n\t<p>With products such as Calcium Fumarate.<\/p>\n<h4>\n\tEncapsulados\n\t<\/h4>\n\t<p>Con productos como el \u00e1cido fum\u00e1rico encapsulado SYSTEMKAP\u00ae, desarrollado para la industria de panificaci\u00f3n, atendiendo las tendencias saludables de disminuir el contenido de sodio y a su vez contar con una mayor vida de anaquel.<\/p>\n<p>El SYSTEMKAP\u00ae es un acidulante de acci\u00f3n dual que al estar encapsulado al 80% y con un 20% libre lo convierten en una especialidad en el segmento, con beneficios tanto para el transformador como para el consumidor final.<\/p>\n<p><img loading=\"lazy\" decoding=\"async\" src=\"https:\/\/grupoimsa.com.co\/wp-content\/uploads\/2022\/08\/SystemKap-acido-fumarico-300x94.png\" alt=\"\" width=\"152\" height=\"48\" \/><\/p>\n\t<a href=\"https:\/\/addimentum.co\/\" target=\"_blank\" role=\"button\" rel=\"noopener\">\n\t\t\t\t\tCompany website\n\t<\/a>\n<h3>\n\tCorporate <strong>Documents<\/strong>\n\t<\/h3>\n\t\t\t\t\t\t\t<img decoding=\"async\" loading=\"lazy\" src=\"https:\/\/grupoimsa.com.co\/wp-content\/uploads\/2022\/02\/IMSA_iconos-sitio-web_Estatutos-Sociales-100x100.png\" alt=\"IMSA_iconos-sitio-web_Estatutos Sociales\" itemprop=\"image\" height=\"100\" width=\"100\" title=\"IMSA_iconos-sitio-web_Estatutos Sociales\" onerror=\"this.style.display='none'\"  sizes=\"auto, (max-width: 768px) 100vw, 100vw\" srcset=\"data:image\/svg+xml;utf8,&lt;svg%20xmlns=&quot;http:\/\/www.w3.org\/2000\/svg&quot;%20viewBox=&quot;0%200%20200%20200&quot;%20height=&quot;200px&quot;%20width=&quot;200px&quot;\/&gt;\" data-srcset=\"https:\/\/grupoimsa.com.co\/wp-content\/uploads\/2022\/02\/IMSA_iconos-sitio-web_Estatutos-Sociales-100x100.png 100w, https:\/\/grupoimsa.com.co\/wp-content\/uploads\/2022\/02\/IMSA_iconos-sitio-web_Estatutos-Sociales-150x150.png 150w, https:\/\/grupoimsa.com.co\/wp-content\/uploads\/2022\/02\/IMSA_iconos-sitio-web_Estatutos-Sociales-12x12.png 12w, https:\/\/grupoimsa.com.co\/wp-content\/uploads\/2022\/02\/IMSA_iconos-sitio-web_Estatutos-Sociales.png 200w\" \/>\t\t\t\t\t\t\t\n\t<h5>Pol\u00edtica SGIA<\/h5>\n\t<a href=\"https:\/\/grupoimsa.com.co\/wp-content\/uploads\/2022\/09\/POLITICA-SGIA.pdf\" target=\"_blank\" role=\"button\" rel=\"noopener\">\n\t\t\t\t\tSee document\n\t<\/a>\n\n<\/div><!-- .vgblk-rw-wrapper -->","protected":false},"excerpt":{"rendered":"<p>Addimentum con sede en Colombia, produce y comercializa ingredientes para la industria de alimentos, elaborados con los mejores est\u00e1ndares de calidad requeridos por el mercado. Sus principales l\u00edneas de negocio se enfocan en: Conservantes y acidulantes Como el \u00e1cido fum\u00e1rico, en sus versiones solubles en agua caliente (HWS) y solubles en agua fr\u00eda (CWS), con&#8230;<\/p>","protected":false},"author":3,"featured_media":0,"parent":0,"menu_order":0,"comment_status":"closed","ping_status":"closed","template":"","meta":{"footnotes":""},"class_list":["post-987887","page","type-page","status-publish","hentry"],"_links":{"self":[{"href":"https:\/\/grupoimsa.com.co\/en\/wp-json\/wp\/v2\/pages\/987887","targetHints":{"allow":["GET"]}}],"collection":[{"href":"https:\/\/grupoimsa.com.co\/en\/wp-json\/wp\/v2\/pages"}],"about":[{"href":"https:\/\/grupoimsa.com.co\/en\/wp-json\/wp\/v2\/types\/page"}],"author":[{"embeddable":true,"href":"https:\/\/grupoimsa.com.co\/en\/wp-json\/wp\/v2\/users\/3"}],"replies":[{"embeddable":true,"href":"https:\/\/grupoimsa.com.co\/en\/wp-json\/wp\/v2\/comments?post=987887"}],"version-history":[{"count":17,"href":"https:\/\/grupoimsa.com.co\/en\/wp-json\/wp\/v2\/pages\/987887\/revisions"}],"predecessor-version":[{"id":989056,"href":"https:\/\/grupoimsa.com.co\/en\/wp-json\/wp\/v2\/pages\/987887\/revisions\/989056"}],"wp:attachment":[{"href":"https:\/\/grupoimsa.com.co\/en\/wp-json\/wp\/v2\/media?parent=987887"}],"curies":[{"name":"wp","href":"https:\/\/api.w.org\/{rel}","templated":true}]}}