{"id":988015,"date":"2022-02-24T19:43:12","date_gmt":"2022-02-24T19:43:12","guid":{"rendered":"https:\/\/grupoimsa.com.co\/?page_id=988015"},"modified":"2026-03-31T22:15:43","modified_gmt":"2026-03-31T22:15:43","slug":"resultados-financieros","status":"publish","type":"page","link":"https:\/\/grupoimsa.com.co\/en\/resultados-financieros\/","title":{"rendered":"Financial Results"},"content":{"rendered":"<div class=\"vgblk-rw-wrapper limit-wrapper\">\n<h2>\n\tManagement<b> reports <\/b>\n\t<\/h2>\n\t\t\t2025\n\t\t<table width=\"931\"><tbody><tr><td><p><a href=\"https:\/\/grupoimsa.com.co\/wp-content\/uploads\/2025\/05\/Informe-Periodico-Trimestral_Marzo-2025-1-1.pdf\" target=\"_blank\" rel=\"noopener\"><img loading=\"lazy\" decoding=\"async\" src=\"https:\/\/grupoimsa.com.co\/wp-content\/uploads\/2022\/03\/IMSA_iconos-sitio-web_Cod-de-Buen-Gobierno-Corporativo-150x150.png\" alt=\"\" width=\"150\" height=\"150\" \/><\/a><h5>Informe Peri\u00f3dico Trimestral<br \/>Marzo<\/h5><\/p><\/td><td><a href=\"https:\/\/grupoimsa.com.co\/wp-content\/uploads\/2026\/01\/Informe-Periodico-Trimestral_Junio-2025.pdf\" target=\"_blank\" rel=\"noopener\"><img loading=\"lazy\" decoding=\"async\" src=\"https:\/\/grupoimsa.com.co\/wp-content\/uploads\/2022\/03\/IMSA_iconos-sitio-web_Cod-de-Buen-Gobierno-Corporativo-150x150.png\" alt=\"\" width=\"150\" height=\"150\" \/><\/a><h5>Informe Peri\u00f3dico Trimestral<br \/>Junio<\/h5><\/td><td><a href=\"https:\/\/grupoimsa.com.co\/wp-content\/uploads\/2026\/01\/Informe-Periodico-Trimestral_Septiembre-2025.pdf\" target=\"_blank\" rel=\"noopener\"><img loading=\"lazy\" decoding=\"async\" src=\"https:\/\/grupoimsa.com.co\/wp-content\/uploads\/2022\/03\/IMSA_iconos-sitio-web_Cod-de-Buen-Gobierno-Corporativo-150x150.png\" alt=\"\" width=\"150\" height=\"150\" \/><\/a><h5>Informe Peri\u00f3dico Trimestral<br \/>Septiembre<\/h5><\/td><\/tr><\/tbody><\/table>\n\t\t\t2024\n\t\t<table width=\"931\"><tbody><tr><td><p><a href=\"https:\/\/grupoimsa.com.co\/wp-content\/uploads\/2024\/08\/Informe-Periodico-Trimestral_Marzo-2024.pdf\" target=\"_blank\" rel=\"noopener\"><img loading=\"lazy\" decoding=\"async\" src=\"https:\/\/grupoimsa.com.co\/wp-content\/uploads\/2022\/03\/IMSA_iconos-sitio-web_Cod-de-Buen-Gobierno-Corporativo-100x100.png\" alt=\"\" width=\"100\" height=\"100\" \/><\/a><h5>Informe Peri\u00f3dico Trimestral<br \/>Marzo<\/h5><\/p><\/td><td><a href=\"https:\/\/grupoimsa.com.co\/wp-content\/uploads\/2024\/08\/Informe-Periodico-Trimestral_Junio-2024.pdf\" target=\"_blank\" rel=\"noopener\"><img loading=\"lazy\" decoding=\"async\" src=\"https:\/\/grupoimsa.com.co\/wp-content\/uploads\/2022\/03\/IMSA_iconos-sitio-web_Cod-de-Buen-Gobierno-Corporativo-100x100.png\" alt=\"\" width=\"100\" height=\"100\" \/><\/a><h5>Informe Peri\u00f3dico Trimestral<br \/>Junio<\/h5><\/td><td><a href=\"https:\/\/grupoimsa.com.co\/wp-content\/uploads\/2024\/11\/Informe-Periodico-Trimestral_Septiembre-2024.pdf\" target=\"_blank\" rel=\"noopener\"><img loading=\"lazy\" decoding=\"async\" src=\"https:\/\/grupoimsa.com.co\/wp-content\/uploads\/2022\/03\/IMSA_iconos-sitio-web_Cod-de-Buen-Gobierno-Corporativo-100x100.png\" alt=\"\" width=\"100\" height=\"100\" \/><\/a><h5>Informe Peri\u00f3dico Trimestral<br \/>Septiembre<\/h5><\/td><\/tr><\/tbody><\/table>\n\t\t\t2023\n\t\t<p>\u00a0<table width=\"931\"><tbody><tr><td><a href=\"https:\/\/grupoimsa.com.co\/wp-content\/uploads\/2023\/10\/Informe-Periodico-Trimestral_EEFF-marzo_2023_Grupo-IMSA.pdf\" target=\"_blank\" rel=\"noopener\"><img loading=\"lazy\" decoding=\"async\" src=\"https:\/\/grupoimsa.com.co\/wp-content\/uploads\/2022\/03\/IMSA_iconos-sitio-web_Cod-de-Buen-Gobierno-Corporativo-100x100.png\" alt=\"\" width=\"100\" height=\"100\" \/><\/a><h5>Informe Peri\u00f3dico Trimestral<br \/>Marzo<\/h5><\/td><td><a href=\"https:\/\/grupoimsa.com.co\/wp-content\/uploads\/2023\/10\/Informe-Periodico-Trimestral_EEFF-junio_2023_Grupo-IMSA_.pdf\" target=\"_blank\" rel=\"noopener\"><img loading=\"lazy\" decoding=\"async\" src=\"https:\/\/grupoimsa.com.co\/wp-content\/uploads\/2022\/03\/IMSA_iconos-sitio-web_Cod-de-Buen-Gobierno-Corporativo-100x100.png\" alt=\"\" width=\"100\" height=\"100\" \/><\/a><\/td><\/tr><\/tbody><\/table><\/p><h5>Informe Peri\u00f3dico Trimestral<br \/>Junio<\/h5><td><h5><a href=\"https:\/\/grupoimsa.com.co\/wp-content\/uploads\/2023\/11\/Grupo-IMSA_Informe-periodico-trimestral-con-corte-a-sept-2023.pdf\" target=\"_blank\" rel=\"noopener\"><img loading=\"lazy\" decoding=\"async\" src=\"https:\/\/grupoimsa.com.co\/wp-content\/uploads\/2022\/03\/IMSA_iconos-sitio-web_Cod-de-Buen-Gobierno-Corporativo-100x100.png\" alt=\"\" width=\"100\" height=\"100\" \/><\/a><\/h5><h5>Informe Peri\u00f3dico Trimestral<br \/>Septiembre<\/h5><\/td>\n\t\t\t2022\n\t\t<p>Junio<table width=\"931\"><tbody><tr><td><a href=\"https:\/\/grupoimsa.com.co\/wp-content\/uploads\/2022\/09\/Grupo-IMSA-Consolidado-junio-2022-.pdf\" target=\"_blank\" rel=\"noopener\"><img loading=\"lazy\" decoding=\"async\" src=\"https:\/\/grupoimsa.com.co\/wp-content\/uploads\/2022\/03\/IMSA_iconos-sitio-web_Cod-de-Buen-Gobierno-Corporativo-100x100.png\" alt=\"\" width=\"100\" height=\"100\" \/><\/a><h5>Estados Financieros<br \/>Consolidados<\/h5><\/td><td><a href=\"https:\/\/grupoimsa.com.co\/wp-content\/uploads\/2022\/09\/Grupo-IMSA-Separado-junio-2022.pdf\" target=\"_blank\" rel=\"noopener\"><img loading=\"lazy\" decoding=\"async\" src=\"https:\/\/grupoimsa.com.co\/wp-content\/uploads\/2022\/03\/IMSA_iconos-sitio-web_Cod-de-Buen-Gobierno-Corporativo-100x100.png\" alt=\"\" width=\"100\" height=\"100\" \/><\/a><\/td><\/tr><\/tbody><\/table><\/p><h5>Estados Financieros<br \/>Separados<\/h5><td><h4>\u00a0<\/h4><\/td>\n<h2>\n\tManagement<b> reports <\/b>\n\t<\/h2>\n\t\t\t2025\n\t\t<table width=\"931\"><tbody><tr><td><p><a href=\"https:\/\/grupoimsa.com.co\/wp-content\/uploads\/2026\/03\/Informe-de-Gestion-IMSA-2025_25.02.26-Rev-Final43475.pdf\" target=\"_blank\" rel=\"noopener\"><img loading=\"lazy\" decoding=\"async\" src=\"https:\/\/grupoimsa.com.co\/wp-content\/uploads\/2022\/03\/IMSA_iconos-sitio-web_Cod-de-Buen-Gobierno-Corporativo-150x150.png\" alt=\"\" width=\"150\" height=\"150\" \/><\/a><\/p><h5>Informe de<br \/>Gesti\u00f3n 2025<\/h5><\/td><td><h4>\u00a0<\/h4><\/td><td><h4>\u00a0<\/h4><\/td><\/tr><\/tbody><\/table>\n\t\t\t2024\n\t\t<table width=\"931\"><tbody><tr><td><p><a href=\"https:\/\/grupoimsa.com.co\/wp-content\/uploads\/2025\/04\/Informe-de-Gestion-IMSA-2024-VF.pdf\" target=\"_blank\" rel=\"noopener\"><img loading=\"lazy\" decoding=\"async\" src=\"https:\/\/grupoimsa.com.co\/wp-content\/uploads\/2022\/03\/IMSA_iconos-sitio-web_Cod-de-Buen-Gobierno-Corporativo-100x100.png\" alt=\"\" width=\"100\" height=\"100\" \/><\/a><\/p><h5>Informe de<br \/>Gesti\u00f3n 2024<\/h5><\/td><td><h4>\u00a0<\/h4><\/td><td><h4>\u00a0<\/h4><\/td><\/tr><\/tbody><\/table>\n\t\t\t2023\n\t\t<table width=\"931\"><tbody><tr><td><p><a href=\"https:\/\/grupoimsa.com.co\/wp-content\/uploads\/2024\/03\/Informe-de-Gestion-IMSA-2023_VF_.pdf\" target=\"_blank\" rel=\"noopener\"><img loading=\"lazy\" decoding=\"async\" src=\"https:\/\/grupoimsa.com.co\/wp-content\/uploads\/2022\/03\/IMSA_iconos-sitio-web_Cod-de-Buen-Gobierno-Corporativo-100x100.png\" alt=\"\" width=\"100\" height=\"100\" \/><\/a><\/p><h5>Informe de<br \/>Gesti\u00f3n 2023<\/h5><\/td><td><h4>\u00a0<\/h4><\/td><td><h4>\u00a0<\/h4><\/td><\/tr><\/tbody><\/table>\n\t\t\t2022\n\t\t<table width=\"931\"><tbody><tr><td><p><a href=\"https:\/\/grupoimsa.com.co\/wp-content\/uploads\/2023\/03\/Informe-de-Gestion-IMSA-2022_VF_.pdf\" target=\"_blank\" rel=\"noopener\"><img loading=\"lazy\" decoding=\"async\" src=\"https:\/\/grupoimsa.com.co\/wp-content\/uploads\/2022\/03\/IMSA_iconos-sitio-web_Cod-de-Buen-Gobierno-Corporativo-100x100.png\" alt=\"\" width=\"100\" height=\"100\" \/><\/a><\/p><h5>Informe de<br \/>Gesti\u00f3n 2022<\/h5><\/td><td><h4>\u00a0<\/h4><\/td><td><h4>\u00a0<\/h4><\/td><\/tr><\/tbody><\/table>\n\t\t\t2021\n\t\t<table width=\"931\"><tbody><tr><td><p><a href=\"https:\/\/grupoimsa.com.co\/wp-content\/uploads\/2022\/05\/IMSA_Informe-de-Gestion-2021.pdf\" target=\"_blank\" rel=\"noopener\"><img loading=\"lazy\" decoding=\"async\" src=\"https:\/\/grupoimsa.com.co\/wp-content\/uploads\/2022\/03\/IMSA_iconos-sitio-web_Cod-de-Buen-Gobierno-Corporativo-100x100.png\" alt=\"\" width=\"100\" height=\"100\" \/><\/a><\/p><h5>Informe de<br \/>Gesti\u00f3n 2021<\/h5><\/td><td><h4>\u00a0<\/h4><\/td><td><h4>\u00a0<\/h4><\/td><\/tr><\/tbody><\/table>\n\n<\/div><!-- .vgblk-rw-wrapper -->","protected":false},"excerpt":{"rendered":"<p>Informes trimestrales 2025 Informe Peri\u00f3dico TrimestralMarzo Informe Peri\u00f3dico TrimestralJunio Informe Peri\u00f3dico TrimestralSeptiembre 2024 Informe Peri\u00f3dico TrimestralMarzo Informe Peri\u00f3dico TrimestralJunio Informe Peri\u00f3dico TrimestralSeptiembre 2023 \u00a0 Informe Peri\u00f3dico TrimestralMarzo Informe Peri\u00f3dico TrimestralJunio Informe Peri\u00f3dico TrimestralSeptiembre 2022 Junio Estados FinancierosConsolidados Estados FinancierosSeparados \u00a0 Informes de gesti\u00f3n 2025 Informe deGesti\u00f3n 2025 \u00a0 \u00a0 2024 Informe deGesti\u00f3n 2024 \u00a0 \u00a0&#8230;<\/p>","protected":false},"author":3,"featured_media":0,"parent":0,"menu_order":0,"comment_status":"closed","ping_status":"closed","template":"","meta":{"footnotes":""},"class_list":["post-988015","page","type-page","status-publish","hentry"],"_links":{"self":[{"href":"https:\/\/grupoimsa.com.co\/en\/wp-json\/wp\/v2\/pages\/988015","targetHints":{"allow":["GET"]}}],"collection":[{"href":"https:\/\/grupoimsa.com.co\/en\/wp-json\/wp\/v2\/pages"}],"about":[{"href":"https:\/\/grupoimsa.com.co\/en\/wp-json\/wp\/v2\/types\/page"}],"author":[{"embeddable":true,"href":"https:\/\/grupoimsa.com.co\/en\/wp-json\/wp\/v2\/users\/3"}],"replies":[{"embeddable":true,"href":"https:\/\/grupoimsa.com.co\/en\/wp-json\/wp\/v2\/comments?post=988015"}],"version-history":[{"count":39,"href":"https:\/\/grupoimsa.com.co\/en\/wp-json\/wp\/v2\/pages\/988015\/revisions"}],"predecessor-version":[{"id":989733,"href":"https:\/\/grupoimsa.com.co\/en\/wp-json\/wp\/v2\/pages\/988015\/revisions\/989733"}],"wp:attachment":[{"href":"https:\/\/grupoimsa.com.co\/en\/wp-json\/wp\/v2\/media?parent=988015"}],"curies":[{"name":"wp","href":"https:\/\/api.w.org\/{rel}","templated":true}]}}