{"id":988194,"date":"2022-03-14T13:21:42","date_gmt":"2022-03-14T13:21:42","guid":{"rendered":"https:\/\/grupoimsa.com.co\/?page_id=988194"},"modified":"2022-03-30T14:40:35","modified_gmt":"2022-03-30T14:40:35","slug":"registro-de-proveedores","status":"publish","type":"page","link":"https:\/\/grupoimsa.com.co\/en\/registro-de-proveedores\/","title":{"rendered":"Supplier Registration"},"content":{"rendered":"<div class=\"vgblk-rw-wrapper limit-wrapper\">\r\n<h2>Estimated<b> provider:<\/b><\/h2>\r\n<h4>At this time the only means of registration is through your contact in the Company.<\/h4>\r\n<p>We are working to facilitate the registration process by this means.<\/p>\r\n<\/div><!-- .vgblk-rw-wrapper -->","protected":false},"excerpt":{"rendered":"<p>Estimado proveedor: En este momento el \u00fanico medio de inscripci\u00f3n es a trav\u00e9s de su contacto en la Compa\u00f1\u00eda. Estamos trabajando para facilitar el proceso de inscripci\u00f3n por este medio.<\/p>","protected":false},"author":3,"featured_media":0,"parent":0,"menu_order":0,"comment_status":"closed","ping_status":"closed","template":"","meta":{"footnotes":""},"class_list":["post-988194","page","type-page","status-publish","hentry"],"_links":{"self":[{"href":"https:\/\/grupoimsa.com.co\/en\/wp-json\/wp\/v2\/pages\/988194","targetHints":{"allow":["GET"]}}],"collection":[{"href":"https:\/\/grupoimsa.com.co\/en\/wp-json\/wp\/v2\/pages"}],"about":[{"href":"https:\/\/grupoimsa.com.co\/en\/wp-json\/wp\/v2\/types\/page"}],"author":[{"embeddable":true,"href":"https:\/\/grupoimsa.com.co\/en\/wp-json\/wp\/v2\/users\/3"}],"replies":[{"embeddable":true,"href":"https:\/\/grupoimsa.com.co\/en\/wp-json\/wp\/v2\/comments?post=988194"}],"version-history":[{"count":5,"href":"https:\/\/grupoimsa.com.co\/en\/wp-json\/wp\/v2\/pages\/988194\/revisions"}],"predecessor-version":[{"id":988369,"href":"https:\/\/grupoimsa.com.co\/en\/wp-json\/wp\/v2\/pages\/988194\/revisions\/988369"}],"wp:attachment":[{"href":"https:\/\/grupoimsa.com.co\/en\/wp-json\/wp\/v2\/media?parent=988194"}],"curies":[{"name":"wp","href":"https:\/\/api.w.org\/{rel}","templated":true}]}}