{"id":988389,"date":"2022-04-06T19:54:04","date_gmt":"2022-04-06T19:54:04","guid":{"rendered":"https:\/\/grupoimsa.com.co\/?page_id=988389"},"modified":"2025-03-17T23:44:29","modified_gmt":"2025-03-17T23:44:29","slug":"acceso-portal-accionistas","status":"publish","type":"page","link":"https:\/\/grupoimsa.com.co\/en\/acceso-portal-accionistas\/","title":{"rendered":"Shareholder Portal Access"},"content":{"rendered":"<div class=\"vgblk-rw-wrapper limit-wrapper\">\n<h2>\n\tWelcome to<b> Shareholders Portal<\/b>\n\t<\/h2>\n\t<h5>In this section you can access information related to the Company and stay updated on our business.<\/h5>\n\t<a href=\"https:\/\/grupoimsa.com.co\/en\/ingreso\/\" target=\"_self\" role=\"button\">\n\t\t\t\t\tAccess the portal\n\t<\/a>\n\t<a href=\"https:\/\/grupoimsa.com.co\/en\/ingreso\/recuperar-clave\/\" target=\"_self\" role=\"button\">\n\t\t\t\t\tForgot password?\n\t<\/a>\n\t\t\t\t\t\t\t<img loading=\"lazy\" decoding=\"async\" src=\"https:\/\/grupoimsa.com.co\/wp-content\/uploads\/2022\/03\/IMSA-portal-accionistas-420x323.jpg\" alt=\"IMSA-portal-accionistas\" itemprop=\"image\" height=\"323\" width=\"420\" title=\"IMSA-portal-accionistas\" onerror=\"this.style.display='none'\"  sizes=\"auto, \" srcset=\"https:\/\/grupoimsa.com.co\/wp-content\/uploads\/2022\/03\/IMSA-portal-accionistas-420x323.jpg 420w, https:\/\/grupoimsa.com.co\/wp-content\/uploads\/2022\/03\/IMSA-portal-accionistas-630x484.jpg 630w, https:\/\/grupoimsa.com.co\/wp-content\/uploads\/2022\/03\/IMSA-portal-accionistas-315x242.jpg 315w\" \/>\t\t\t\t\t\t\t\n\n<\/div><!-- .vgblk-rw-wrapper -->","protected":false},"excerpt":{"rendered":"<p>Bienvenido al Portal de Accionistas En esta secci\u00f3n podr\u00e1s acceder a informaci\u00f3n relacionada con la Sociedad y mantenerte actualizado sobre nuestros negocios. Acceder al portal \u00bfOlvidaste la contrase\u00f1a?<\/p>","protected":false},"author":2,"featured_media":0,"parent":0,"menu_order":0,"comment_status":"closed","ping_status":"closed","template":"","meta":{"footnotes":""},"class_list":["post-988389","page","type-page","status-publish","hentry"],"_links":{"self":[{"href":"https:\/\/grupoimsa.com.co\/en\/wp-json\/wp\/v2\/pages\/988389","targetHints":{"allow":["GET"]}}],"collection":[{"href":"https:\/\/grupoimsa.com.co\/en\/wp-json\/wp\/v2\/pages"}],"about":[{"href":"https:\/\/grupoimsa.com.co\/en\/wp-json\/wp\/v2\/types\/page"}],"author":[{"embeddable":true,"href":"https:\/\/grupoimsa.com.co\/en\/wp-json\/wp\/v2\/users\/2"}],"replies":[{"embeddable":true,"href":"https:\/\/grupoimsa.com.co\/en\/wp-json\/wp\/v2\/comments?post=988389"}],"version-history":[{"count":15,"href":"https:\/\/grupoimsa.com.co\/en\/wp-json\/wp\/v2\/pages\/988389\/revisions"}],"predecessor-version":[{"id":989544,"href":"https:\/\/grupoimsa.com.co\/en\/wp-json\/wp\/v2\/pages\/988389\/revisions\/989544"}],"wp:attachment":[{"href":"https:\/\/grupoimsa.com.co\/en\/wp-json\/wp\/v2\/media?parent=988389"}],"curies":[{"name":"wp","href":"https:\/\/api.w.org\/{rel}","templated":true}]}}